{"id":332,"date":"2021-03-10T09:19:10","date_gmt":"2021-03-10T13:19:10","guid":{"rendered":"https:\/\/38cip.sipsych.org\/?page_id=332"},"modified":"2021-06-12T15:53:59","modified_gmt":"2021-06-12T19:53:59","slug":"premios","status":"publish","type":"page","link":"https:\/\/38cip.sipsych.org\/index.php\/premios\/","title":{"rendered":"Premios"},"content":{"rendered":"<p>[et_pb_section fb_built=&#8221;1&#8243; disabled_on=&#8221;off|off|off&#8221; admin_label=&#8221;About&#8221; _builder_version=&#8221;3.22&#8243; custom_padding=&#8221;53px|0px|100px|0px|false|&#8221;][et_pb_row _builder_version=&#8221;4.9.0&#8243; _module_preset=&#8221;default&#8221; custom_margin=&#8221;-53px|auto||auto||&#8221;][et_pb_column type=&#8221;4_4&#8243; _builder_version=&#8221;4.9.0&#8243; _module_preset=&#8221;default&#8221;][et_pb_text admin_label=&#8221;Info de premios&#8221; _builder_version=&#8221;4.9.0&#8243; _module_preset=&#8221;default&#8221; text_font=&#8221;Arial||||||||&#8221; text_font_size=&#8221;15px&#8221; text_letter_spacing=&#8221;1px&#8221; text_line_height=&#8221;2em&#8221; header_5_font=&#8221;Arial||||||||&#8221; header_5_text_align=&#8221;left&#8221; header_5_letter_spacing=&#8221;1px&#8221;]<\/p>\n<p style=\"text-align: justify;\"><span style=\"color: #333333;\">La Sociedad Interamericana de Psicolog\u00eda otorga varios premios en cada Congreso Interamericano.\u00a0 Estos premios est\u00e1n dirigidos a incentivar la investigaci\u00f3n con pertinencia social entre psic\u00f3logos o psic\u00f3logas, estudiantes sub-graduados y graduados, o profesionales afines con la psicolog\u00eda. Durante el Congreso Interamericano de Psicolog\u00eda se entrega el Premio Interamericano, el Premio Estudiantil Ignacio Mart\u00edn Bar\u00f3, el Premio Jos\u00e9 Miguel Salazar, entre premios. Este a\u00f1o y por primera vez, estaremos otorgando el premio al Desarrollo Profesional de la Psicolog\u00eda en las Am\u00e9ricas y el Premio a la Contribuci\u00f3n Cient\u00edfica de Trayectoria Temprana.<\/span><\/p>\n<p style=\"text-align: justify;\"><span style=\"color: #333333;\">Seleccione el enlace del premio al cual interesa aplicar o nominar. Recuerde que NO hay una convocatoria abierta para todos los premios, sino que la persona electa puede ser seleccionada por trabajos previamente enviados. Acceda cada uno de los premios para ver sus criterios, detalles, incentivos y la forma de c\u00f3mo hacer sus env\u00edos. Cada premio tiene sus fechas l\u00edmites.<\/span><\/p>\n<p>[\/et_pb_text][\/et_pb_column][\/et_pb_row][et_pb_row column_structure=&#8221;1_2,1_2&#8243; _builder_version=&#8221;4.9.0&#8243; _module_preset=&#8221;default&#8221;][et_pb_column type=&#8221;1_2&#8243; _builder_version=&#8221;4.9.0&#8243; _module_preset=&#8221;default&#8221;][et_pb_text admin_label=&#8221;titulo inter&#8221; _builder_version=&#8221;4.9.0&#8243; _module_preset=&#8221;default&#8221;]<\/p>\n<h4 style=\"text-align: center;\">Premio Interamericano de Psicolog\u00eda<\/h4>\n<p>[\/et_pb_text][et_pb_image src=&#8221;https:\/\/38cip.sipsych.org\/wp-content\/uploads\/2021\/04\/Promo-Premio_Interamericano.png&#8221; title_text=&#8221;Promo-Premio_Interamericano&#8221; url=&#8221;https:\/\/38cip.sipsych.org\/index.php\/premios\/interamericano\/&#8221; align=&#8221;center&#8221; admin_label=&#8221;Interamericano&#8221; _builder_version=&#8221;4.9.0&#8243; _module_preset=&#8221;default&#8221; width=&#8221;75%&#8221; animation_style=&#8221;zoom&#8221; box_shadow_style=&#8221;preset2&#8243;][\/et_pb_image][et_pb_text _builder_version=&#8221;4.9.0&#8243; _module_preset=&#8221;default&#8221;]<\/p>\n<p>&nbsp;<\/p>\n<p>&nbsp;<\/p>\n<p>[\/et_pb_text][et_pb_text admin_label=&#8221;titulo desarrollo&#8221; _builder_version=&#8221;4.9.0&#8243; _module_preset=&#8221;default&#8221;]<\/p>\n<h4 style=\"text-align: center;\">Premio al Desarrollo Profesional de la Psicolog\u00eda en las Am\u00e9ricas<\/h4>\n<p>[\/et_pb_text][et_pb_image src=&#8221;https:\/\/38cip.sipsych.org\/wp-content\/uploads\/2021\/04\/Promo-Desarrollo-Profesional.png&#8221; title_text=&#8221;Promo Desarrollo Profesional&#8221; url=&#8221;https:\/\/38cip.sipsych.org\/index.php\/premios\/premio-desarrollo-profesional\/&#8221; align=&#8221;center&#8221; admin_label=&#8221;Desarrollo&#8221; _builder_version=&#8221;4.9.0&#8243; _module_preset=&#8221;default&#8221; width=&#8221;75%&#8221; animation_style=&#8221;zoom&#8221; box_shadow_style=&#8221;preset2&#8243;][\/et_pb_image][et_pb_text _builder_version=&#8221;4.9.0&#8243; _module_preset=&#8221;default&#8221;]<\/p>\n<p>&nbsp;<\/p>\n<p>&nbsp;<\/p>\n<p>[\/et_pb_text][et_pb_text admin_label=&#8221;Ardila&#8221; _builder_version=&#8221;4.9.0&#8243; _module_preset=&#8221;default&#8221;]<\/p>\n<h4 style=\"text-align: center;\">Premio &#8220;Rub\u00e9n Ardila&#8221; a la Investigaci\u00f3n Cient\u00edfica en Psicolog\u00eda<\/h4>\n<p>[\/et_pb_text][et_pb_image src=&#8221;https:\/\/38cip.sipsych.org\/wp-content\/uploads\/2021\/04\/Premio-Ruben-Ardila.png&#8221; title_text=&#8221;Premio Ruben Ardila&#8221; url=&#8221;https:\/\/38cip.sipsych.org\/index.php\/premios\/premio-ruben-ardila\/&#8221; align=&#8221;center&#8221; admin_label=&#8221;Ardila&#8221; _builder_version=&#8221;4.9.0&#8243; _module_preset=&#8221;default&#8221; width=&#8221;75%&#8221; animation_style=&#8221;zoom&#8221; box_shadow_style=&#8221;preset2&#8243;][\/et_pb_image][\/et_pb_column][et_pb_column type=&#8221;1_2&#8243; _builder_version=&#8221;4.9.0&#8243; _module_preset=&#8221;default&#8221;][et_pb_text admin_label=&#8221;titulo estud&#8221; _builder_version=&#8221;4.9.0&#8243; _module_preset=&#8221;default&#8221;]<\/p>\n<h4 style=\"text-align: center;\">Premio Interamericano Estudiantil<\/h4>\n<p>[\/et_pb_text][et_pb_image src=&#8221;https:\/\/38cip.sipsych.org\/wp-content\/uploads\/2021\/04\/Premio-Estudiantil.png&#8221; title_text=&#8221;Premio Estudiantil&#8221; url=&#8221;https:\/\/38cip.sipsych.org\/index.php\/premios\/premio-estudiantil\/&#8221; align=&#8221;center&#8221; admin_label=&#8221;Estudiantil&#8221; _builder_version=&#8221;4.9.0&#8243; _module_preset=&#8221;default&#8221; width=&#8221;75%&#8221; animation_style=&#8221;zoom&#8221; box_shadow_style=&#8221;preset2&#8243;][\/et_pb_image][et_pb_text _builder_version=&#8221;4.9.0&#8243; _module_preset=&#8221;default&#8221;]<\/p>\n<p>&nbsp;<\/p>\n<p>&nbsp;<\/p>\n<p>[\/et_pb_text][et_pb_text admin_label=&#8221;titulo temprana&#8221; _builder_version=&#8221;4.9.0&#8243; _module_preset=&#8221;default&#8221;]<\/p>\n<h4 style=\"text-align: center;\">Premio a la Contribuci\u00f3n Cient\u00edfica de Trayectoria Temprana<\/h4>\n<p>[\/et_pb_text][et_pb_image src=&#8221;https:\/\/38cip.sipsych.org\/wp-content\/uploads\/2021\/04\/Premio-Trayectoria-Temprana.png&#8221; title_text=&#8221;Premio Trayectoria Temprana&#8221; url=&#8221;https:\/\/38cip.sipsych.org\/index.php\/premios\/premio-trayectoria-temprana\/&#8221; align=&#8221;center&#8221; admin_label=&#8221;Temprana&#8221; _builder_version=&#8221;4.9.0&#8243; _module_preset=&#8221;default&#8221; width=&#8221;75%&#8221; animation_style=&#8221;zoom&#8221; box_shadow_style=&#8221;preset2&#8243;][\/et_pb_image][et_pb_text _builder_version=&#8221;4.9.0&#8243; _module_preset=&#8221;default&#8221;]<\/p>\n<p>&nbsp;<\/p>\n<p>&nbsp;<\/p>\n<p>[\/et_pb_text][et_pb_text admin_label=&#8221;RIP&#8221; _builder_version=&#8221;4.9.0&#8243; _module_preset=&#8221;default&#8221;]<\/p>\n<h4 style=\"text-align: center;\">Premio &#8220;Jos\u00e9 Miguel Salazar&#8221; de la Revista Interamericana de Psicolog\u00eda<\/h4>\n<p>[\/et_pb_text][et_pb_image src=&#8221;https:\/\/38cip.sipsych.org\/wp-content\/uploads\/2021\/04\/Premio-Jose-M.-Salazar.png&#8221; title_text=&#8221;Premio Jose M. Salazar&#8221; url=&#8221;https:\/\/38cip.sipsych.org\/index.php\/premios\/premio-jms\/&#8221; align=&#8221;center&#8221; admin_label=&#8221;RIP&#8221; _builder_version=&#8221;4.9.0&#8243; _module_preset=&#8221;default&#8221; width=&#8221;75%&#8221; animation_style=&#8221;zoom&#8221; box_shadow_style=&#8221;preset2&#8243;][\/et_pb_image][\/et_pb_column][\/et_pb_row][et_pb_row _builder_version=&#8221;4.9.0&#8243; _module_preset=&#8221;default&#8221;][et_pb_column type=&#8221;4_4&#8243; _builder_version=&#8221;4.9.0&#8243; _module_preset=&#8221;default&#8221;][et_pb_text admin_label=&#8221;Charles&#8221; _builder_version=&#8221;4.9.0&#8243; _module_preset=&#8221;default&#8221; hover_enabled=&#8221;0&#8243; sticky_enabled=&#8221;0&#8243;]<\/p>\n<h4 style=\"text-align: center;\">Premio &#8220;Charles Darwing&#8221; del Grupo de Trabajo de Psicolog\u00eda Experimental y Comparada<\/h4>\n<p>[\/et_pb_text][et_pb_image src=&#8221;https:\/\/38cip.sipsych.org\/wp-content\/uploads\/2021\/05\/Convocatoria-Premio-Charles-Darwin-2021-300&#215;300.gif&#8221; title_text=&#8221;Convocatoria Premio Charles Darwin 2021&#8243; url=&#8221;https:\/\/38cip.sipsych.org\/wp-content\/uploads\/2021\/06\/Terminos-de-Referencia-Premio-Charles-Darwin-2021.pdf&#8221; url_new_window=&#8221;on&#8221; align=&#8221;center&#8221; admin_label=&#8221;Charles&#8221; _builder_version=&#8221;4.9.0&#8243; _module_preset=&#8221;default&#8221; width=&#8221;75%&#8221; animation_style=&#8221;zoom&#8221; hover_enabled=&#8221;0&#8243; box_shadow_style=&#8221;preset2&#8243; sticky_enabled=&#8221;0&#8243;][\/et_pb_image][\/et_pb_column][\/et_pb_row][et_pb_row _builder_version=&#8221;4.9.0&#8243; _module_preset=&#8221;default&#8221;][et_pb_column type=&#8221;4_4&#8243; _builder_version=&#8221;4.9.0&#8243; _module_preset=&#8221;default&#8221;][et_pb_divider _builder_version=&#8221;4.9.0&#8243; _module_preset=&#8221;default&#8221;][\/et_pb_divider][\/et_pb_column][\/et_pb_row][\/et_pb_section]<\/p>\n","protected":false},"excerpt":{"rendered":"<p>[et_pb_section fb_built=&#8221;1&#8243; disabled_on=&#8221;off|off|off&#8221; admin_label=&#8221;About&#8221; _builder_version=&#8221;3.22&#8243; custom_padding=&#8221;53px|0px|100px|0px|false|&#8221;][et_pb_row _builder_version=&#8221;4.9.0&#8243; _module_preset=&#8221;default&#8221; custom_margin=&#8221;-53px|auto||auto||&#8221;][et_pb_column type=&#8221;4_4&#8243; _builder_version=&#8221;4.9.0&#8243; _module_preset=&#8221;default&#8221;][et_pb_text admin_label=&#8221;Info de premios&#8221; _builder_version=&#8221;4.9.0&#8243; _module_preset=&#8221;default&#8221; text_font=&#8221;Arial||||||||&#8221; text_font_size=&#8221;15px&#8221; text_letter_spacing=&#8221;1px&#8221; text_line_height=&#8221;2em&#8221; header_5_font=&#8221;Arial||||||||&#8221; header_5_text_align=&#8221;left&#8221; header_5_letter_spacing=&#8221;1px&#8221;] La Sociedad Interamericana de Psicolog\u00eda otorga varios premios en cada Congreso Interamericano.\u00a0 Estos premios est\u00e1n dirigidos a incentivar la investigaci\u00f3n con pertinencia social entre psic\u00f3logos o<\/p>\n<div class=\"re-read-more\"><a class=\"read-more\" href=\"https:\/\/38cip.sipsych.org\/index.php\/premios\/\">Read More&#8230;<\/a><\/div>\n","protected":false},"author":1,"featured_media":0,"parent":0,"menu_order":0,"comment_status":"closed","ping_status":"closed","template":"","meta":{"_et_pb_use_builder":"on","_et_pb_old_content":"","_et_gb_content_width":"","footnotes":""},"class_list":["post-332","page","type-page","status-publish","hentry"],"_links":{"self":[{"href":"https:\/\/38cip.sipsych.org\/index.php\/wp-json\/wp\/v2\/pages\/332","targetHints":{"allow":["GET"]}}],"collection":[{"href":"https:\/\/38cip.sipsych.org\/index.php\/wp-json\/wp\/v2\/pages"}],"about":[{"href":"https:\/\/38cip.sipsych.org\/index.php\/wp-json\/wp\/v2\/types\/page"}],"author":[{"embeddable":true,"href":"https:\/\/38cip.sipsych.org\/index.php\/wp-json\/wp\/v2\/users\/1"}],"replies":[{"embeddable":true,"href":"https:\/\/38cip.sipsych.org\/index.php\/wp-json\/wp\/v2\/comments?post=332"}],"version-history":[{"count":41,"href":"https:\/\/38cip.sipsych.org\/index.php\/wp-json\/wp\/v2\/pages\/332\/revisions"}],"predecessor-version":[{"id":1216,"href":"https:\/\/38cip.sipsych.org\/index.php\/wp-json\/wp\/v2\/pages\/332\/revisions\/1216"}],"wp:attachment":[{"href":"https:\/\/38cip.sipsych.org\/index.php\/wp-json\/wp\/v2\/media?parent=332"}],"curies":[{"name":"wp","href":"https:\/\/api.w.org\/{rel}","templated":true}]}}