{"id":385,"date":"2021-03-10T13:32:58","date_gmt":"2021-03-10T17:32:58","guid":{"rendered":"https:\/\/38cip.sipsych.org\/?page_id=385"},"modified":"2021-07-14T15:43:08","modified_gmt":"2021-07-14T19:43:08","slug":"premio-jms","status":"publish","type":"page","link":"https:\/\/38cip.sipsych.org\/index.php\/premios\/premio-jms\/","title":{"rendered":"Premio Jos\u00e9 M. Salazar"},"content":{"rendered":"<p>[et_pb_section fb_built=&#8221;1&#8243; _builder_version=&#8221;4.9.0&#8243; _module_preset=&#8221;default&#8221;][et_pb_row _builder_version=&#8221;4.9.0&#8243; _module_preset=&#8221;default&#8221; custom_margin=&#8221;-49px|auto||auto||&#8221;][et_pb_column type=&#8221;4_4&#8243; _builder_version=&#8221;4.9.0&#8243; _module_preset=&#8221;default&#8221;][et_pb_text _builder_version=&#8221;4.9.0&#8243; _module_preset=&#8221;default&#8221;]<\/p>\n<h3 style=\"text-align: center;\"><span style=\"color: #333333;\">Premio Jos\u00e9 Miguel Salazar de la Revista Interamericana de Psicolog\u00eda<\/span><\/h3>\n<p>[\/et_pb_text][et_pb_text disabled_on=&#8221;on|on|on&#8221; _builder_version=&#8221;4.9.0&#8243; _module_preset=&#8221;default&#8221; text_font=&#8221;Arial||||||||&#8221; text_font_size=&#8221;15px&#8221; text_letter_spacing=&#8221;1px&#8221; text_line_height=&#8221;2em&#8221; text_orientation=&#8221;justified&#8221; disabled=&#8221;on&#8221;]<\/p>\n<h4><span style=\"color: #333333;\"><em>A) Definici\u00f3n: <\/em><\/span><\/h4>\n<p><span style=\"color: #333333;\">Este premio est\u00e1 dise\u00f1ado para reconocer al mejor art\u00edculo que publicado en la <em>Revista Interamericana de Psicolog\u00eda<\/em> (RIP) cada dos a\u00f1os.<\/span><\/p>\n<h4>\u00a0<\/h4>\n<h4><span style=\"color: #333333;\"><em>B) Proceso de selecci\u00f3n y evaluaci\u00f3n:<\/em><\/span><\/h4>\n<ol>\n<li><span style=\"color: #333333;\">El Editor o Editora de la RIP crea un Comit\u00e9 para la evaluaci\u00f3n de los art\u00edculos.<\/span><\/li>\n<li><span style=\"color: #333333;\">Con aval de la Mesa Directiva, el Editor o Editora de la RIP selecciona un Coordinador o Coordinadora del comit\u00e9. La persona seleccionada deber ser miembro de la Junta de Consultores Editoriales de la RIP y puede coordinar el comit\u00e9 en dos ocasiones como m\u00e1ximo.<\/span><\/li>\n<li><span style=\"color: #333333;\">La persona coordinadora del comit\u00e9 tiene a su cargo seleccionar e invitar, en consulta con el\/a editor\/a de la RIP, dos integrantes adicionales que deben ser personas de prestigio en las Am\u00e9ricas, dominar por lo menos dos de los idiomas oficiales del SIP\/RIP, ser de \u00e1reas de conocimiento diferentes.<\/span><\/li>\n<li><span style=\"color: #333333;\">Los art\u00edculos son evaluados con un instrumento estandarizado y en funci\u00f3n de las puntuaciones obtenidas se selecciona al mejor art\u00edculo seleccionado por el comit\u00e9.<\/span><\/li>\n<li><span style=\"color: #333333;\">La persona coordinadora del comit\u00e9 le comunica al Editor o Editora de la RIP la decisi\u00f3n en un informe escrito.<\/span><\/li>\n<\/ol>\n<h4><span style=\"color: #333333;\"><em>C) Incentivos otorgados:<\/em><\/span><\/h4>\n<ol>\n<li><span style=\"color: #333333;\">Placa de reconocimiento en el Congreso Interamericano de Psicolog\u00eda durante el acto de inauguraci\u00f3n del mismo.<\/span><\/li>\n<li><span style=\"color: #333333;\">Cada autor del trabajo ganador del premio recibir\u00e1 un descuento del 50% de la inscripci\u00f3n al CIP para incentivar su participaci\u00f3n.<\/span><\/li>\n<\/ol>\n<p>[\/et_pb_text][et_pb_divider disabled_on=&#8221;on|on|on&#8221; _builder_version=&#8221;4.9.0&#8243; _module_preset=&#8221;default&#8221; disabled=&#8221;on&#8221;][\/et_pb_divider][et_pb_text disabled_on=&#8221;on|on|on&#8221; _builder_version=&#8221;4.9.0&#8243; _module_preset=&#8221;default&#8221; disabled=&#8221;on&#8221;]<\/p>\n<h4 style=\"text-align: center;\"><a href=\"https:\/\/journal.sipsych.org\/index.php\/IJP\" target=\"_blank\" rel=\"noopener noreferrer\">Conoce m\u00e1s de la Revista Interamericana de Psicolog\u00eda<\/a><\/h4>\n<p>[\/et_pb_text][et_pb_image src=&#8221;https:\/\/38cip.sipsych.org\/wp-content\/uploads\/2021\/03\/Banner-RIP-Nuevo.png&#8221; title_text=&#8221;Banner RIP Nuevo&#8221; url=&#8221;https:\/\/journal.sipsych.org\/index.php\/IJP&#8221; url_new_window=&#8221;on&#8221; align=&#8221;center&#8221; disabled_on=&#8221;on|on|on&#8221; _builder_version=&#8221;4.9.0&#8243; _module_preset=&#8221;default&#8221; width=&#8221;80%&#8221; module_alignment=&#8221;center&#8221; animation_style=&#8221;zoom&#8221; box_shadow_style=&#8221;preset1&#8243; disabled=&#8221;on&#8221;][\/et_pb_image][et_pb_image src=&#8221;https:\/\/38cip.sipsych.org\/wp-content\/uploads\/2021\/07\/Ganadores-Premio-Jose-M.-Salazar-300&#215;300.png&#8221; title_text=&#8221;Ganadores Premio Jose M. Salazar&#8221; align=&#8221;center&#8221; _builder_version=&#8221;4.9.0&#8243; _module_preset=&#8221;default&#8221;][\/et_pb_image][\/et_pb_column][\/et_pb_row][\/et_pb_section]<\/p>\n","protected":false},"excerpt":{"rendered":"<p>[et_pb_section fb_built=&#8221;1&#8243; _builder_version=&#8221;4.9.0&#8243; _module_preset=&#8221;default&#8221;][et_pb_row _builder_version=&#8221;4.9.0&#8243; _module_preset=&#8221;default&#8221; custom_margin=&#8221;-49px|auto||auto||&#8221;][et_pb_column type=&#8221;4_4&#8243; _builder_version=&#8221;4.9.0&#8243; _module_preset=&#8221;default&#8221;][et_pb_text _builder_version=&#8221;4.9.0&#8243; _module_preset=&#8221;default&#8221;] Premio Jos\u00e9 Miguel Salazar de la Revista Interamericana de Psicolog\u00eda [\/et_pb_text][et_pb_text disabled_on=&#8221;on|on|on&#8221; _builder_version=&#8221;4.9.0&#8243; _module_preset=&#8221;default&#8221; text_font=&#8221;Arial||||||||&#8221; text_font_size=&#8221;15px&#8221; text_letter_spacing=&#8221;1px&#8221; text_line_height=&#8221;2em&#8221; text_orientation=&#8221;justified&#8221; disabled=&#8221;on&#8221;] A) Definici\u00f3n: Este premio est\u00e1 dise\u00f1ado para reconocer al mejor art\u00edculo que publicado en la Revista Interamericana de<\/p>\n<div class=\"re-read-more\"><a class=\"read-more\" href=\"https:\/\/38cip.sipsych.org\/index.php\/premios\/premio-jms\/\">Read More&#8230;<\/a><\/div>\n","protected":false},"author":1,"featured_media":0,"parent":332,"menu_order":0,"comment_status":"closed","ping_status":"closed","template":"","meta":{"_et_pb_use_builder":"on","_et_pb_old_content":"","_et_gb_content_width":"","footnotes":""},"class_list":["post-385","page","type-page","status-publish","hentry"],"_links":{"self":[{"href":"https:\/\/38cip.sipsych.org\/index.php\/wp-json\/wp\/v2\/pages\/385","targetHints":{"allow":["GET"]}}],"collection":[{"href":"https:\/\/38cip.sipsych.org\/index.php\/wp-json\/wp\/v2\/pages"}],"about":[{"href":"https:\/\/38cip.sipsych.org\/index.php\/wp-json\/wp\/v2\/types\/page"}],"author":[{"embeddable":true,"href":"https:\/\/38cip.sipsych.org\/index.php\/wp-json\/wp\/v2\/users\/1"}],"replies":[{"embeddable":true,"href":"https:\/\/38cip.sipsych.org\/index.php\/wp-json\/wp\/v2\/comments?post=385"}],"version-history":[{"count":10,"href":"https:\/\/38cip.sipsych.org\/index.php\/wp-json\/wp\/v2\/pages\/385\/revisions"}],"predecessor-version":[{"id":1299,"href":"https:\/\/38cip.sipsych.org\/index.php\/wp-json\/wp\/v2\/pages\/385\/revisions\/1299"}],"up":[{"embeddable":true,"href":"https:\/\/38cip.sipsych.org\/index.php\/wp-json\/wp\/v2\/pages\/332"}],"wp:attachment":[{"href":"https:\/\/38cip.sipsych.org\/index.php\/wp-json\/wp\/v2\/media?parent=385"}],"curies":[{"name":"wp","href":"https:\/\/api.w.org\/{rel}","templated":true}]}}