{"id":41,"date":"2021-02-25T10:53:11","date_gmt":"2021-02-25T14:53:11","guid":{"rendered":"https:\/\/38cip.sipsych.org\/?page_id=41"},"modified":"2021-04-10T12:46:22","modified_gmt":"2021-04-10T16:46:22","slug":"comites","status":"publish","type":"page","link":"https:\/\/38cip.sipsych.org\/index.php\/comites\/","title":{"rendered":"Comit\u00e9s"},"content":{"rendered":"<p>[et_pb_section fb_built=&#8221;1&#8243; _builder_version=&#8221;4.9.0&#8243; _module_preset=&#8221;default&#8221; custom_padding=&#8221;0px|||||&#8221;][et_pb_row _builder_version=&#8221;4.9.0&#8243; _module_preset=&#8221;default&#8221; module_alignment=&#8221;center&#8221;][et_pb_column type=&#8221;4_4&#8243; _builder_version=&#8221;4.9.0&#8243; _module_preset=&#8221;default&#8221;][et_pb_text _builder_version=&#8221;4.9.0&#8243; _module_preset=&#8221;default&#8221; custom_margin=&#8221;||10px|||&#8221;]<\/p>\n<h2 style=\"text-align: center;\">Comit\u00e9 Organizador<\/h2>\n<p>[\/et_pb_text][et_pb_text _builder_version=&#8221;4.9.0&#8243; _module_preset=&#8221;default&#8221; min_height=&#8221;17px&#8221; custom_margin=&#8221;-7px|||||&#8221; custom_padding=&#8221;||0px|||&#8221;]<\/p>\n<h5 style=\"text-align: center;\">Los miembros de los distintos comit\u00e9s conforman el Comit\u00e9 Organizador<\/h5>\n<p>[\/et_pb_text][et_pb_team_member name=&#8221;Carlos Zalaquett&#8221; position=&#8221;Presidente y Coordinador General&#8221; admin_label=&#8221;Carlos&#8221; _builder_version=&#8221;4.9.0&#8243; _module_preset=&#8221;default&#8221; header_text_color=&#8221;#474747&#8243; body_text_align=&#8221;center&#8221; position_text_align=&#8221;center&#8221; text_orientation=&#8221;center&#8221; animation_style=&#8221;zoom&#8221;]<\/p>\n<p><img loading=\"lazy\" decoding=\"async\" class=\"wp-image-146 aligncenter size-full\" src=\"https:\/\/38cip.sipsych.org\/wp-content\/uploads\/2021\/02\/zalaquett.jpeg\" alt=\"\" width=\"167\" height=\"200\" \/><\/p>\n<p>[\/et_pb_team_member][et_pb_divider _builder_version=&#8221;4.9.0&#8243; _module_preset=&#8221;default&#8221;][\/et_pb_divider][\/et_pb_column][\/et_pb_row][et_pb_row _builder_version=&#8221;4.9.0&#8243; _module_preset=&#8221;default&#8221; custom_margin=&#8221;-42px|auto||auto||&#8221;][et_pb_column type=&#8221;4_4&#8243; _builder_version=&#8221;4.9.0&#8243; _module_preset=&#8221;default&#8221;][et_pb_text _builder_version=&#8221;4.9.0&#8243; _module_preset=&#8221;default&#8221; text_orientation=&#8221;center&#8221;]<\/p>\n<h3 style=\"text-align: center;\">Coordinaci\u00f3n del Comit\u00e9 Cient\u00edfico<\/h3>\n<p>[\/et_pb_text][\/et_pb_column][\/et_pb_row][et_pb_row column_structure=&#8221;1_4,1_4,1_4,1_4&#8243; _builder_version=&#8221;4.9.0&#8243; _module_preset=&#8221;default&#8221; custom_margin=&#8221;-31px|auto|-37px|auto||&#8221;][et_pb_column type=&#8221;1_4&#8243; _builder_version=&#8221;4.9.0&#8243; _module_preset=&#8221;default&#8221;][et_pb_team_member name=&#8221;Alfonso Urz\u00faa&#8221; image_url=&#8221;https:\/\/38cip.sipsych.org\/wp-content\/uploads\/2021\/02\/urzua-150&#215;150.jpg&#8221; admin_label=&#8221;Alfonso&#8221; _builder_version=&#8221;4.9.0&#8243; _module_preset=&#8221;default&#8221; position_text_align=&#8221;center&#8221; text_orientation=&#8221;center&#8221; animation_style=&#8221;zoom&#8221;][\/et_pb_team_member][\/et_pb_column][et_pb_column type=&#8221;1_4&#8243; _builder_version=&#8221;4.9.0&#8243; _module_preset=&#8221;default&#8221;][et_pb_team_member name=&#8221;Julio C. Penagos&#8221; image_url=&#8221;https:\/\/38cip.sipsych.org\/wp-content\/uploads\/2021\/02\/Julio-Cesar-150&#215;150.jpg&#8221; admin_label=&#8221;Julio&#8221; _builder_version=&#8221;4.9.0&#8243; _module_preset=&#8221;default&#8221; text_orientation=&#8221;center&#8221; animation_style=&#8221;zoom&#8221;][\/et_pb_team_member][et_pb_team_member name=&#8221;Marcelo Buenahora&#8221; image_url=&#8221;https:\/\/38cip.sipsych.org\/wp-content\/uploads\/2021\/02\/Marcelo_Buenahora-150&#215;150.jpg&#8221; admin_label=&#8221;Marcelo&#8221; _builder_version=&#8221;4.9.0&#8243; _module_preset=&#8221;default&#8221; text_orientation=&#8221;center&#8221; animation_style=&#8221;zoom&#8221;][\/et_pb_team_member][\/et_pb_column][et_pb_column type=&#8221;1_4&#8243; _builder_version=&#8221;4.9.0&#8243; _module_preset=&#8221;default&#8221;][et_pb_team_member name=&#8221;Melissa Morgan&#8221; image_url=&#8221;https:\/\/38cip.sipsych.org\/wp-content\/uploads\/2021\/02\/melissa-150&#215;150.jpeg&#8221; admin_label=&#8221;Melissa&#8221; _builder_version=&#8221;4.9.0&#8243; _module_preset=&#8221;default&#8221; text_orientation=&#8221;center&#8221; animation_style=&#8221;zoom&#8221;][\/et_pb_team_member][et_pb_team_member name=&#8221;Naomi Koerner&#8221; image_url=&#8221;https:\/\/38cip.sipsych.org\/wp-content\/uploads\/2021\/04\/Naomi-Koerner-150&#215;150.png&#8221; admin_label=&#8221;Naomi&#8221; _builder_version=&#8221;4.9.0&#8243; _module_preset=&#8221;default&#8221; text_orientation=&#8221;center&#8221; animation_style=&#8221;zoom&#8221; hover_enabled=&#8221;0&#8243; title_text=&#8221;Naomi Koerner&#8221; sticky_enabled=&#8221;0&#8243;][\/et_pb_team_member][\/et_pb_column][et_pb_column type=&#8221;1_4&#8243; _builder_version=&#8221;4.9.0&#8243; _module_preset=&#8221;default&#8221;][et_pb_team_member name=&#8221;Antonio Samaniego&#8221; image_url=&#8221;https:\/\/38cip.sipsych.org\/wp-content\/uploads\/2021\/02\/antonio-samaniego-150&#215;150.jpg&#8221; admin_label=&#8221;Antonio&#8221; _builder_version=&#8221;4.9.0&#8243; _module_preset=&#8221;default&#8221; text_orientation=&#8221;center&#8221; animation_style=&#8221;zoom&#8221;][\/et_pb_team_member][\/et_pb_column][\/et_pb_row][et_pb_row _builder_version=&#8221;4.9.0&#8243; _module_preset=&#8221;default&#8221;][et_pb_column type=&#8221;4_4&#8243; _builder_version=&#8221;4.9.0&#8243; _module_preset=&#8221;default&#8221;][et_pb_text _builder_version=&#8221;4.9.0&#8243; _module_preset=&#8221;default&#8221;]<\/p>\n<h4 style=\"text-align: center;\"><a href=\"https:\/\/38cip.sipsych.org\/index.php\/comites\/comite-cientifico\/\">Conoce a los\/as integrantes del Comit\u00e9 Cient\u00edfico<\/a><\/h4>\n<p>[\/et_pb_text][\/et_pb_column][\/et_pb_row][et_pb_row _builder_version=&#8221;4.9.0&#8243; _module_preset=&#8221;default&#8221;][et_pb_column type=&#8221;4_4&#8243; _builder_version=&#8221;4.9.0&#8243; _module_preset=&#8221;default&#8221;][et_pb_divider _builder_version=&#8221;4.9.0&#8243; _module_preset=&#8221;default&#8221;][\/et_pb_divider][\/et_pb_column][\/et_pb_row][et_pb_row column_structure=&#8221;1_3,1_3,1_3&#8243; _builder_version=&#8221;4.9.0&#8243; _module_preset=&#8221;default&#8221; custom_margin=&#8221;-44px|auto||auto||&#8221; custom_padding=&#8221;||4px|||&#8221;][et_pb_column type=&#8221;1_3&#8243; _builder_version=&#8221;4.9.0&#8243; _module_preset=&#8221;default&#8221;][et_pb_team_member name=&#8221;Julio C. Penagos&#8221; position=&#8221;Coord. Comit\u00e9 de Comunicaciones&#8221; image_url=&#8221;https:\/\/38cip.sipsych.org\/wp-content\/uploads\/2021\/02\/Julio-Cesar-150&#215;150.jpg&#8221; admin_label=&#8221;Julio&#8221; _builder_version=&#8221;4.9.0&#8243; _module_preset=&#8221;default&#8221; text_orientation=&#8221;center&#8221; animation_style=&#8221;zoom&#8221;][\/et_pb_team_member][\/et_pb_column][et_pb_column type=&#8221;1_3&#8243; _builder_version=&#8221;4.9.0&#8243; _module_preset=&#8221;default&#8221;][et_pb_team_member name=&#8221;Blanca Ortiz Torres&#8221; position=&#8221;Coord. Comit\u00e9 de Log\u00edstica y Tecnolog\u00eda&#8221; image_url=&#8221;https:\/\/38cip.sipsych.org\/wp-content\/uploads\/2021\/02\/Blanca-Ortiz-150&#215;150.jpeg&#8221; admin_label=&#8221;Blanca&#8221; _builder_version=&#8221;4.9.0&#8243; _module_preset=&#8221;default&#8221; text_orientation=&#8221;center&#8221; animation_style=&#8221;zoom&#8221;][\/et_pb_team_member][\/et_pb_column][et_pb_column type=&#8221;1_3&#8243; _builder_version=&#8221;4.9.0&#8243; _module_preset=&#8221;default&#8221;][et_pb_team_member name=&#8221;Wilmarie Santiago&#8221; position=&#8221;Comit\u00e9 de Log\u00edstica y Tecnolog\u00eda&#8221; image_url=&#8221;https:\/\/38cip.sipsych.org\/wp-content\/uploads\/2021\/02\/Wilmarie-129&#215;150.jpg&#8221; admin_label=&#8221;Wilmarie&#8221; _builder_version=&#8221;4.9.0&#8243; _module_preset=&#8221;default&#8221; text_orientation=&#8221;center&#8221; animation_style=&#8221;zoom&#8221;][\/et_pb_team_member][\/et_pb_column][\/et_pb_row][et_pb_row column_structure=&#8221;1_3,1_3,1_3&#8243; _builder_version=&#8221;4.9.0&#8243; _module_preset=&#8221;default&#8221;][et_pb_column type=&#8221;1_3&#8243; _builder_version=&#8221;4.9.0&#8243; _module_preset=&#8221;default&#8221;][et_pb_team_member name=&#8221;Sandra E. Luna&#8221; position=&#8221;Coord. Comit\u00e9 de Premios&#8221; image_url=&#8221;https:\/\/38cip.sipsych.org\/wp-content\/uploads\/2021\/02\/Sandra-150&#215;150.jpeg&#8221; admin_label=&#8221;Sandra&#8221; _builder_version=&#8221;4.9.0&#8243; _module_preset=&#8221;default&#8221; text_orientation=&#8221;center&#8221; animation_style=&#8221;zoom&#8221;][\/et_pb_team_member][\/et_pb_column][et_pb_column type=&#8221;1_3&#8243; _builder_version=&#8221;4.9.0&#8243; _module_preset=&#8221;default&#8221;][et_pb_team_member name=&#8221;Nelson Portillo&#8221; position=&#8221;Coord. Comit\u00e9 de Premios&#8221; image_url=&#8221;https:\/\/38cip.sipsych.org\/wp-content\/uploads\/2021\/02\/Nelson-Portillo-150&#215;150.jpeg&#8221; admin_label=&#8221;Nelson&#8221; _builder_version=&#8221;4.9.0&#8243; _module_preset=&#8221;default&#8221; text_orientation=&#8221;center&#8221; animation_style=&#8221;zoom&#8221;][\/et_pb_team_member][\/et_pb_column][et_pb_column type=&#8221;1_3&#8243; _builder_version=&#8221;4.9.0&#8243; _module_preset=&#8221;default&#8221;][et_pb_team_member name=&#8221;Ivelisse Torres&#8221; position=&#8221;Coord. Comit\u00e9 de Finanzas&#8221; image_url=&#8221;https:\/\/38cip.sipsych.org\/wp-content\/uploads\/2021\/02\/ivelisse-torres-150&#215;150.jpg&#8221; admin_label=&#8221;Ivelisse&#8221; _builder_version=&#8221;4.9.0&#8243; _module_preset=&#8221;default&#8221; text_orientation=&#8221;center&#8221; animation_style=&#8221;zoom&#8221;][\/et_pb_team_member][\/et_pb_column][\/et_pb_row][et_pb_row column_structure=&#8221;1_3,1_3,1_3&#8243; _builder_version=&#8221;4.9.0&#8243; _module_preset=&#8221;default&#8221; custom_margin=&#8221;-35px|auto||auto||&#8221;][et_pb_column type=&#8221;1_3&#8243; _builder_version=&#8221;4.9.0&#8243; _module_preset=&#8221;default&#8221;][et_pb_team_member name=&#8221;Miguel Gallegos&#8221; position=&#8221;Coord. Comit\u00e9 de Actividades&#8221; image_url=&#8221;https:\/\/38cip.sipsych.org\/wp-content\/uploads\/2021\/02\/miguel-gallegos-150&#215;150.jpg&#8221; admin_label=&#8221;Miguel&#8221; _builder_version=&#8221;4.9.0&#8243; _module_preset=&#8221;default&#8221; text_orientation=&#8221;center&#8221; animation_style=&#8221;zoom&#8221;][\/et_pb_team_member][\/et_pb_column][et_pb_column type=&#8221;1_3&#8243; _builder_version=&#8221;4.9.0&#8243; _module_preset=&#8221;default&#8221;][et_pb_team_member name=&#8221;Ana Mar\u00eda Florez&#8221; position=&#8221;Coord. Comit\u00e9 de Voluntarios&#8221; image_url=&#8221;https:\/\/38cip.sipsych.org\/wp-content\/uploads\/2021\/02\/ana-maria-150&#215;150.jpg&#8221; admin_label=&#8221;Ana&#8221; _builder_version=&#8221;4.9.0&#8243; _module_preset=&#8221;default&#8221; text_orientation=&#8221;center&#8221; animation_style=&#8221;zoom&#8221;][\/et_pb_team_member][\/et_pb_column][et_pb_column type=&#8221;1_3&#8243; _builder_version=&#8221;4.9.0&#8243; _module_preset=&#8221;default&#8221;][et_pb_team_member name=&#8221;Rodrigo Mazo&#8221; position=&#8221;Coord. Comit\u00e9 Pre-Congreso&#8221; image_url=&#8221;https:\/\/38cip.sipsych.org\/wp-content\/uploads\/2021\/02\/rodrigo-150&#215;150.jpg&#8221; admin_label=&#8221;Rodrigo&#8221; _builder_version=&#8221;4.9.0&#8243; _module_preset=&#8221;default&#8221; text_orientation=&#8221;center&#8221; animation_style=&#8221;zoom&#8221;][\/et_pb_team_member][\/et_pb_column][\/et_pb_row][et_pb_row _builder_version=&#8221;4.9.0&#8243; _module_preset=&#8221;default&#8221;][et_pb_column type=&#8221;4_4&#8243; _builder_version=&#8221;4.9.0&#8243; _module_preset=&#8221;default&#8221;][et_pb_divider _builder_version=&#8221;4.9.0&#8243; _module_preset=&#8221;default&#8221;][\/et_pb_divider][\/et_pb_column][\/et_pb_row][et_pb_row _builder_version=&#8221;4.9.0&#8243; _module_preset=&#8221;default&#8221;][et_pb_column type=&#8221;4_4&#8243; _builder_version=&#8221;4.9.0&#8243; _module_preset=&#8221;default&#8221;][et_pb_text _builder_version=&#8221;4.9.0&#8243; _module_preset=&#8221;default&#8221; text_orientation=&#8221;center&#8221;]<\/p>\n<h3 style=\"text-align: center;\">Presidentes Honorarios<\/h3>\n<p>[\/et_pb_text][et_pb_text _builder_version=&#8221;4.9.0&#8243; _module_preset=&#8221;default&#8221;]<\/p>\n<p style=\"text-align: center;\">Los pasados presidentes y presidentas de la SIP conforman el grupo de presidentes honorarios del Congreso<\/p>\n<p>[\/et_pb_text][\/et_pb_column][\/et_pb_row][\/et_pb_section]<\/p>\n","protected":false},"excerpt":{"rendered":"<p>[et_pb_section fb_built=&#8221;1&#8243; _builder_version=&#8221;4.9.0&#8243; _module_preset=&#8221;default&#8221; custom_padding=&#8221;0px|||||&#8221;][et_pb_row _builder_version=&#8221;4.9.0&#8243; _module_preset=&#8221;default&#8221; module_alignment=&#8221;center&#8221;][et_pb_column type=&#8221;4_4&#8243; _builder_version=&#8221;4.9.0&#8243; _module_preset=&#8221;default&#8221;][et_pb_text _builder_version=&#8221;4.9.0&#8243; _module_preset=&#8221;default&#8221; custom_margin=&#8221;||10px|||&#8221;] Comit\u00e9 Organizador [\/et_pb_text][et_pb_text _builder_version=&#8221;4.9.0&#8243; _module_preset=&#8221;default&#8221; min_height=&#8221;17px&#8221; custom_margin=&#8221;-7px|||||&#8221; custom_padding=&#8221;||0px|||&#8221;] Los miembros de los distintos comit\u00e9s conforman el Comit\u00e9 Organizador [\/et_pb_text][et_pb_team_member name=&#8221;Carlos Zalaquett&#8221; position=&#8221;Presidente y Coordinador General&#8221; admin_label=&#8221;Carlos&#8221; _builder_version=&#8221;4.9.0&#8243; _module_preset=&#8221;default&#8221; header_text_color=&#8221;#474747&#8243; body_text_align=&#8221;center&#8221; position_text_align=&#8221;center&#8221; text_orientation=&#8221;center&#8221; animation_style=&#8221;zoom&#8221;] [\/et_pb_team_member][et_pb_divider _builder_version=&#8221;4.9.0&#8243; _module_preset=&#8221;default&#8221;][\/et_pb_divider][\/et_pb_column][\/et_pb_row][et_pb_row<\/p>\n<div class=\"re-read-more\"><a class=\"read-more\" href=\"https:\/\/38cip.sipsych.org\/index.php\/comites\/\">Read More&#8230;<\/a><\/div>\n","protected":false},"author":1,"featured_media":0,"parent":0,"menu_order":0,"comment_status":"closed","ping_status":"closed","template":"","meta":{"_et_pb_use_builder":"on","_et_pb_old_content":"","_et_gb_content_width":"","footnotes":""},"class_list":["post-41","page","type-page","status-publish","hentry"],"_links":{"self":[{"href":"https:\/\/38cip.sipsych.org\/index.php\/wp-json\/wp\/v2\/pages\/41","targetHints":{"allow":["GET"]}}],"collection":[{"href":"https:\/\/38cip.sipsych.org\/index.php\/wp-json\/wp\/v2\/pages"}],"about":[{"href":"https:\/\/38cip.sipsych.org\/index.php\/wp-json\/wp\/v2\/types\/page"}],"author":[{"embeddable":true,"href":"https:\/\/38cip.sipsych.org\/index.php\/wp-json\/wp\/v2\/users\/1"}],"replies":[{"embeddable":true,"href":"https:\/\/38cip.sipsych.org\/index.php\/wp-json\/wp\/v2\/comments?post=41"}],"version-history":[{"count":26,"href":"https:\/\/38cip.sipsych.org\/index.php\/wp-json\/wp\/v2\/pages\/41\/revisions"}],"predecessor-version":[{"id":787,"href":"https:\/\/38cip.sipsych.org\/index.php\/wp-json\/wp\/v2\/pages\/41\/revisions\/787"}],"wp:attachment":[{"href":"https:\/\/38cip.sipsych.org\/index.php\/wp-json\/wp\/v2\/media?parent=41"}],"curies":[{"name":"wp","href":"https:\/\/api.w.org\/{rel}","templated":true}]}}