{"id":465,"date":"2021-03-12T15:37:51","date_gmt":"2021-03-12T19:37:51","guid":{"rendered":"https:\/\/38cip.sipsych.org\/?page_id=465"},"modified":"2021-05-12T10:33:34","modified_gmt":"2021-05-12T14:33:34","slug":"inscripcion","status":"publish","type":"page","link":"https:\/\/38cip.sipsych.org\/index.php\/inscripcion\/","title":{"rendered":"Inscripci\u00f3n"},"content":{"rendered":"<p>[et_pb_section fb_built=&#8221;1&#8243; _builder_version=&#8221;3.22&#8243; custom_padding=&#8221;3px|0px|7px|0px||&#8221;][et_pb_row _builder_version=&#8221;4.9.0&#8243; _module_preset=&#8221;default&#8221; custom_margin=&#8221;|auto|-100px|auto||&#8221;][et_pb_column type=&#8221;4_4&#8243; _builder_version=&#8221;4.9.0&#8243; _module_preset=&#8221;default&#8221;][et_pb_text _builder_version=&#8221;4.9.0&#8243; _module_preset=&#8221;default&#8221; min_height=&#8221;32px&#8221; custom_margin=&#8221;-21px||-1px|||&#8221; custom_padding=&#8221;||23px|||&#8221;]<\/p>\n<h3 style=\"text-align: center;\">Costos de Inscripci\u00f3n<\/h3>\n<p>[\/et_pb_text][\/et_pb_column][\/et_pb_row][et_pb_row column_structure=&#8221;3_5,2_5&#8243; _builder_version=&#8221;4.9.0&#8243; _module_preset=&#8221;default&#8221;][et_pb_column type=&#8221;3_5&#8243; _builder_version=&#8221;4.9.0&#8243; _module_preset=&#8221;default&#8221;][et_pb_text _builder_version=&#8221;4.9.0&#8243; _module_preset=&#8221;default&#8221;]<\/p>\n<h4>\u00bfQu\u00e9 incluye el costo de la inscripci\u00f3n?<\/h4>\n<p>[\/et_pb_text][et_pb_text _builder_version=&#8221;4.9.0&#8243; _module_preset=&#8221;default&#8221; text_font=&#8221;Arial||||||||&#8221; text_font_size=&#8221;16px&#8221; text_line_height=&#8221;2em&#8221;]<\/p>\n<ul>\n<li>Acceso a las conferencias magistrales (en vivo y grabadas)<\/li>\n<li>Acceso a las conferencias cient\u00edficas (en vivo y grabadas)<\/li>\n<li>Constancia de asistencia<\/li>\n<li>Constancia de participaci\u00f3n\/expositor (si presenta)<\/li>\n<li>Memorias del Congreso con ISBN<\/li>\n<\/ul>\n<p>[\/et_pb_text][\/et_pb_column][et_pb_column type=&#8221;2_5&#8243; _builder_version=&#8221;4.9.0&#8243; _module_preset=&#8221;default&#8221;][et_pb_text _builder_version=&#8221;4.9.0&#8243; _module_preset=&#8221;default&#8221; text_text_color=&#8221;#0C71C3&#8243; custom_margin=&#8221;||10px|||&#8221;]<\/p>\n<h3 style=\"text-align: center;\">\u00bfSab\u00edas que si eres socio\/a de la SIP obtienes descuento en la inscripci\u00f3n al Congreso?<\/h3>\n<p>[\/et_pb_text][et_pb_text _builder_version=&#8221;4.9.0&#8243; _module_preset=&#8221;default&#8221; text_font=&#8221;Arial||||||||&#8221; text_font_size=&#8221;16px&#8221; text_line_height=&#8221;2em&#8221; custom_margin=&#8221;||13px|||&#8221;]<\/p>\n<p style=\"text-align: center;\">Accede a la p\u00e1gina <a href=\"https:\/\/sipsych.org\/membresia\/?lang=es\" target=\"_blank\" rel=\"noopener noreferrer\">AQUI<\/a>\u00a0para que conozcas las tarifas de membres\u00edas aplicables a tu pa\u00eds.<\/p>\n<p>[\/et_pb_text][et_pb_image src=&#8221;https:\/\/38cip.sipsych.org\/wp-content\/uploads\/2021\/03\/member-card-150&#215;150.png&#8221; title_text=&#8221;member-card&#8221; url=&#8221;https:\/\/sipsych.org\/membresia\/?lang=es&#8221; url_new_window=&#8221;on&#8221; align=&#8221;center&#8221; _builder_version=&#8221;4.9.0&#8243; _module_preset=&#8221;default&#8221; custom_margin=&#8221;-28px|||||&#8221; custom_padding=&#8221;1px|||||&#8221; animation_style=&#8221;fold&#8221;][\/et_pb_image][\/et_pb_column][\/et_pb_row][et_pb_row _builder_version=&#8221;4.9.0&#8243; _module_preset=&#8221;default&#8221; custom_padding=&#8221;0px|||||&#8221;][et_pb_column type=&#8221;4_4&#8243; _builder_version=&#8221;4.9.0&#8243; _module_preset=&#8221;default&#8221;][et_pb_divider _builder_version=&#8221;4.9.0&#8243; _module_preset=&#8221;default&#8221; custom_margin=&#8221;-15px|||||&#8221;][\/et_pb_divider][\/et_pb_column][\/et_pb_row][et_pb_row column_structure=&#8221;2_3,1_3&#8243; _builder_version=&#8221;4.9.0&#8243; _module_preset=&#8221;default&#8221; custom_padding=&#8221;0px|||||&#8221;][et_pb_column type=&#8221;2_3&#8243; _builder_version=&#8221;4.9.0&#8243; _module_preset=&#8221;default&#8221;][et_pb_text admin_label=&#8221;Titulo Tarifa&#8221; _builder_version=&#8221;4.9.0&#8243; _module_preset=&#8221;default&#8221;]<\/p>\n<h2 style=\"text-align: center;\">Tarifas<\/h2>\n<p>[\/et_pb_text][et_pb_text admin_label=&#8221;Instrucciones Regular&#8221; _builder_version=&#8221;4.9.0&#8243; _module_preset=&#8221;default&#8221; text_font=&#8221;Arial||||||||&#8221; text_font_size=&#8221;15px&#8221; text_letter_spacing=&#8221;1px&#8221; text_line_height=&#8221;2em&#8221; text_orientation=&#8221;justified&#8221; custom_margin=&#8221;-27px|||||&#8221;]<\/p>\n<p style=\"text-align: center;\">Las tarifas est\u00e1n basadas seg\u00fan su clasificaci\u00f3n en la SIP y su pa\u00eds de residencia.<br \/>\nEst\u00e1n presentadas en d\u00f3lares americanos (USD). Haz la conversi\u00f3n <a href=\"https:\/\/xe.com\/\" target=\"_blank\" rel=\"noopener\">AQUI<\/a><br \/>\nLos siguientes precios aplican del <strong>30 de marzo al 30 de junio de 2021<\/strong>.<\/p>\n<p>[\/et_pb_text][et_pb_image src=&#8221;https:\/\/38cip.sipsych.org\/wp-content\/uploads\/2021\/03\/Costo-Regular.png&#8221; title_text=&#8221;Costo-Regular&#8221; align=&#8221;center&#8221; admin_label=&#8221;Tarifas regulares&#8221; _builder_version=&#8221;4.9.0&#8243; _module_preset=&#8221;default&#8221; width=&#8221;50%&#8221; module_alignment=&#8221;center&#8221; animation_style=&#8221;flip&#8221;][\/et_pb_image][et_pb_text admin_label=&#8221;Instrucciones Tardia&#8221; _builder_version=&#8221;4.9.0&#8243; _module_preset=&#8221;default&#8221; text_font=&#8221;Arial||||||||&#8221; text_font_size=&#8221;15px&#8221; text_letter_spacing=&#8221;1px&#8221; text_line_height=&#8221;2em&#8221; text_orientation=&#8221;justified&#8221; custom_margin=&#8221;-27px|||||&#8221;]<\/p>\n<p style=\"text-align: center;\">***<\/p>\n<p style=\"text-align: center;\">Los siguientes precios aplican del <strong>1 de julio al 28 de julio de 2021<\/strong>.<\/p>\n<p>[\/et_pb_text][et_pb_image src=&#8221;https:\/\/38cip.sipsych.org\/wp-content\/uploads\/2021\/03\/Costo-Tardio.png&#8221; title_text=&#8221;Costo-Tardio&#8221; align=&#8221;center&#8221; admin_label=&#8221;Tarifas tardias&#8221; _builder_version=&#8221;4.9.0&#8243; _module_preset=&#8221;default&#8221; width=&#8221;50%&#8221; module_alignment=&#8221;center&#8221; animation_style=&#8221;flip&#8221;][\/et_pb_image][et_pb_text admin_label=&#8221;Instrucciones otros paises&#8221; _builder_version=&#8221;4.9.0&#8243; _module_preset=&#8221;default&#8221; text_font=&#8221;Arial||||||||&#8221; text_font_size=&#8221;15px&#8221; text_letter_spacing=&#8221;1px&#8221; text_line_height=&#8221;2em&#8221; text_orientation=&#8221;justified&#8221; custom_margin=&#8221;-27px|||||&#8221;]<\/p>\n<p style=\"text-align: center;\">***<\/p>\n<p style=\"text-align: center;\"><strong>NOTA IMPORTANTE<\/strong><\/p>\n<p>Las personas interesadas en inscribirse que provengan de <strong>CUBA, HAIT\u00cd y VENEZUELA,<\/strong> deber\u00e1n escribir un correo electr\u00f3nico a Ivelisse Torres, Tesorera de la SIP (<a href=\"mailto:itorres@albizu.edu\">itorres@albizu.edu<\/a>) para tramitar el pago seg\u00fan la tarifa a descuento determinada. Los costos est\u00e1n presentados en d\u00f3lares americanos (USD). Los costos se mantienen indistintamente la fecha de inscripci\u00f3n.<\/p>\n<p>[\/et_pb_text][et_pb_image src=&#8221;https:\/\/38cip.sipsych.org\/wp-content\/uploads\/2021\/03\/Costo-CHV.png&#8221; title_text=&#8221;Costo-CHV&#8221; align=&#8221;center&#8221; admin_label=&#8221;Tarifas CHV&#8221; _builder_version=&#8221;4.9.0&#8243; _module_preset=&#8221;default&#8221; width=&#8221;35%&#8221; module_alignment=&#8221;center&#8221; animation_style=&#8221;flip&#8221;][\/et_pb_image][\/et_pb_column][et_pb_column type=&#8221;1_3&#8243; _builder_version=&#8221;4.9.0&#8243; _module_preset=&#8221;default&#8221;][et_pb_team_member name=&#8221;Pago de Inscripci\u00f3n&#8221; admin_label=&#8221;Enlace Formulario&#8221; _builder_version=&#8221;4.9.0&#8243; _module_preset=&#8221;default&#8221; text_orientation=&#8221;center&#8221; animation_style=&#8221;zoom&#8221; link_option_url=&#8221;https:\/\/38cip.sipsych.org\/index.php\/inscripcion\/pago-de-inscripcion\/&#8221;]<\/p>\n<p><img loading=\"lazy\" decoding=\"async\" src=\"https:\/\/38cip.sipsych.org\/wp-content\/uploads\/2021\/04\/enrollment-150x150.png\" width=\"150\" height=\"150\" alt=\"\" class=\"wp-image-794 aligncenter size-thumbnail\" srcset=\"https:\/\/38cip.sipsych.org\/wp-content\/uploads\/2021\/04\/enrollment-150x150.png 150w, https:\/\/38cip.sipsych.org\/wp-content\/uploads\/2021\/04\/enrollment-300x300.png 300w, https:\/\/38cip.sipsych.org\/wp-content\/uploads\/2021\/04\/enrollment.png 512w\" sizes=\"auto, (max-width: 150px) 100vw, 150px\" \/><\/p>\n<p>[\/et_pb_team_member][et_pb_text _builder_version=&#8221;4.9.0&#8243; _module_preset=&#8221;default&#8221;]<\/p>\n<p>Los pagos solo podr\u00e1n ser efectuados con <strong>tarjeta de cr\u00e9dito<\/strong>, Visa, Master Card, Discover, AMEX, entre otros. Si tiene alguna dificultad realizado su pago a trav\u00e9s de este sistema, se puede comunicar a <a href=\"mailto:oficinacentral@sipsych.org\">oficinacentral@sipsych.org<\/a><\/p>\n<p>&nbsp;<\/p>\n<p>[\/et_pb_text][et_pb_text admin_label=&#8221;Politica reembolso&#8221; _builder_version=&#8221;4.9.0&#8243; _module_preset=&#8221;default&#8221; text_font=&#8221;Arial||||||||&#8221; text_font_size=&#8221;16px&#8221; text_line_height=&#8221;2em&#8221;]<\/p>\n<p><strong>Pol\u00edtica de cancelaci\u00f3n y reembolso<\/strong><\/p>\n<p>Las cancelaciones deben ser notificadas por escrito a la Dra. Ivelisse Torres Fern\u00e1ndez, Tesorera de la SIP (<a href=\"mailto:itorres@albizu.edu\">itorres@albizu.edu<\/a>). Cancelaciones recibidas con m\u00e1s de 15 d\u00edas de anticipaci\u00f3n tendr\u00e1n derecho a un 50% de reembolso. Cancelaciones recibidas con menos de 15 d\u00edas de anticipaci\u00f3n no tendr\u00e1n derecho a reembolso. Todos los reembolsos que procedan ser\u00e1n realizados una vez finalizado el Congreso.<\/p>\n<p>[\/et_pb_text][\/et_pb_column][\/et_pb_row][et_pb_row _builder_version=&#8221;4.9.0&#8243; _module_preset=&#8221;default&#8221; custom_padding=&#8221;0px|||||&#8221;][et_pb_column type=&#8221;4_4&#8243; _builder_version=&#8221;4.9.0&#8243; _module_preset=&#8221;default&#8221;][et_pb_divider _builder_version=&#8221;4.9.0&#8243; _module_preset=&#8221;default&#8221; custom_margin=&#8221;-15px|||||&#8221;][\/et_pb_divider][\/et_pb_column][\/et_pb_row][\/et_pb_section]<\/p>\n","protected":false},"excerpt":{"rendered":"<p>[et_pb_section fb_built=&#8221;1&#8243; _builder_version=&#8221;3.22&#8243; custom_padding=&#8221;3px|0px|7px|0px||&#8221;][et_pb_row _builder_version=&#8221;4.9.0&#8243; _module_preset=&#8221;default&#8221; custom_margin=&#8221;|auto|-100px|auto||&#8221;][et_pb_column type=&#8221;4_4&#8243; _builder_version=&#8221;4.9.0&#8243; _module_preset=&#8221;default&#8221;][et_pb_text _builder_version=&#8221;4.9.0&#8243; _module_preset=&#8221;default&#8221; min_height=&#8221;32px&#8221; custom_margin=&#8221;-21px||-1px|||&#8221; custom_padding=&#8221;||23px|||&#8221;] Costos de Inscripci\u00f3n [\/et_pb_text][\/et_pb_column][\/et_pb_row][et_pb_row column_structure=&#8221;3_5,2_5&#8243; _builder_version=&#8221;4.9.0&#8243; _module_preset=&#8221;default&#8221;][et_pb_column type=&#8221;3_5&#8243; _builder_version=&#8221;4.9.0&#8243; _module_preset=&#8221;default&#8221;][et_pb_text _builder_version=&#8221;4.9.0&#8243; _module_preset=&#8221;default&#8221;] \u00bfQu\u00e9 incluye el costo de la inscripci\u00f3n? [\/et_pb_text][et_pb_text _builder_version=&#8221;4.9.0&#8243; _module_preset=&#8221;default&#8221; text_font=&#8221;Arial||||||||&#8221; text_font_size=&#8221;16px&#8221; text_line_height=&#8221;2em&#8221;] Acceso a las conferencias magistrales (en vivo y grabadas) Acceso<\/p>\n<div class=\"re-read-more\"><a class=\"read-more\" href=\"https:\/\/38cip.sipsych.org\/index.php\/inscripcion\/\">Read More&#8230;<\/a><\/div>\n","protected":false},"author":1,"featured_media":0,"parent":0,"menu_order":0,"comment_status":"closed","ping_status":"closed","template":"","meta":{"_et_pb_use_builder":"on","_et_pb_old_content":"","_et_gb_content_width":"","footnotes":""},"class_list":["post-465","page","type-page","status-publish","hentry"],"_links":{"self":[{"href":"https:\/\/38cip.sipsych.org\/index.php\/wp-json\/wp\/v2\/pages\/465","targetHints":{"allow":["GET"]}}],"collection":[{"href":"https:\/\/38cip.sipsych.org\/index.php\/wp-json\/wp\/v2\/pages"}],"about":[{"href":"https:\/\/38cip.sipsych.org\/index.php\/wp-json\/wp\/v2\/types\/page"}],"author":[{"embeddable":true,"href":"https:\/\/38cip.sipsych.org\/index.php\/wp-json\/wp\/v2\/users\/1"}],"replies":[{"embeddable":true,"href":"https:\/\/38cip.sipsych.org\/index.php\/wp-json\/wp\/v2\/comments?post=465"}],"version-history":[{"count":16,"href":"https:\/\/38cip.sipsych.org\/index.php\/wp-json\/wp\/v2\/pages\/465\/revisions"}],"predecessor-version":[{"id":968,"href":"https:\/\/38cip.sipsych.org\/index.php\/wp-json\/wp\/v2\/pages\/465\/revisions\/968"}],"wp:attachment":[{"href":"https:\/\/38cip.sipsych.org\/index.php\/wp-json\/wp\/v2\/media?parent=465"}],"curies":[{"name":"wp","href":"https:\/\/api.w.org\/{rel}","templated":true}]}}