{"id":576,"date":"2021-03-31T14:41:37","date_gmt":"2021-03-31T18:41:37","guid":{"rendered":"https:\/\/38cip.sipsych.org\/?page_id=576"},"modified":"2021-05-26T13:37:25","modified_gmt":"2021-05-26T17:37:25","slug":"comite-cientifico","status":"publish","type":"page","link":"https:\/\/38cip.sipsych.org\/index.php\/comites\/comite-cientifico\/","title":{"rendered":"Comit\u00e9 Cient\u00edfico"},"content":{"rendered":"<p>[et_pb_section fb_built=&#8221;1&#8243; _builder_version=&#8221;4.9.0&#8243; _module_preset=&#8221;default&#8221; custom_padding=&#8221;0px|||||&#8221;][et_pb_row _builder_version=&#8221;4.9.0&#8243; _module_preset=&#8221;default&#8221; module_alignment=&#8221;center&#8221;][et_pb_column type=&#8221;4_4&#8243; _builder_version=&#8221;4.9.0&#8243; _module_preset=&#8221;default&#8221;][et_pb_text _builder_version=&#8221;4.9.0&#8243; _module_preset=&#8221;default&#8221; custom_margin=&#8221;||10px|||&#8221;]<\/p>\n<h2 style=\"text-align: center;\">Comit\u00e9 Cient\u00edfico<\/h2>\n<p>[\/et_pb_text][\/et_pb_column][\/et_pb_row][et_pb_row column_structure=&#8221;1_4,1_4,1_4,1_4&#8243; _builder_version=&#8221;4.9.0&#8243; _module_preset=&#8221;default&#8221; custom_margin=&#8221;-31px|auto|-37px|auto||&#8221;][et_pb_column type=&#8221;1_4&#8243; _builder_version=&#8221;4.9.0&#8243; _module_preset=&#8221;default&#8221;][et_pb_team_member name=&#8221;Esp. Andrea Espinosa&#8221; position=&#8221;Universidad Nacional de Rosario, Argentina&#8221; image_url=&#8221;https:\/\/38cip.sipsych.org\/wp-content\/uploads\/2021\/04\/Andrea-Espinoza-150&#215;150.png&#8221; admin_label=&#8221;Andres Espinoza&#8221; _builder_version=&#8221;4.9.0&#8243; _module_preset=&#8221;default&#8221; text_orientation=&#8221;center&#8221; animation_style=&#8221;zoom&#8221; link_option_url=&#8221;https:\/\/www.researchgate.net\/profile\/Susana-Grosso&#8221; link_option_url_new_window=&#8221;on&#8221;]<\/p>\n<p>GT de Psicolog\u00eda y Educaci\u00f3n<\/p>\n<p>[\/et_pb_team_member][\/et_pb_column][et_pb_column type=&#8221;1_4&#8243; _builder_version=&#8221;4.9.0&#8243; _module_preset=&#8221;default&#8221;][et_pb_team_member name=&#8221;Dra. Belen Mesurado&#8221; position=&#8221;Universidad Austral, Argentina&#8221; image_url=&#8221;https:\/\/38cip.sipsych.org\/wp-content\/uploads\/2021\/04\/Belen-Mesurado-150&#215;150.jpg&#8221; admin_label=&#8221;Belen Mesurado&#8221; _builder_version=&#8221;4.9.0&#8243; _module_preset=&#8221;default&#8221; position_text_align=&#8221;center&#8221; text_orientation=&#8221;center&#8221; animation_style=&#8221;zoom&#8221; link_option_url=&#8221;https:\/\/orcid.org\/0000-0002-5907-5854&#8243; link_option_url_new_window=&#8221;on&#8221;][\/et_pb_team_member][\/et_pb_column][et_pb_column type=&#8221;1_4&#8243; _builder_version=&#8221;4.9.0&#8243; _module_preset=&#8221;default&#8221;][et_pb_team_member name=&#8221;Dr. Carlos Javier Flores Aguirre&#8221; position=&#8221;Universidad de Guadalajara, M\u00e9xico&#8221; image_url=&#8221;https:\/\/38cip.sipsych.org\/wp-content\/uploads\/2021\/03\/Carlos-Javier-Flores-Aguirre-150&#215;150.png&#8221; admin_label=&#8221;Carlos Flores&#8221; _builder_version=&#8221;4.9.0&#8243; _module_preset=&#8221;default&#8221; text_orientation=&#8221;center&#8221; animation_style=&#8221;zoom&#8221; link_option_url=&#8221;http:\/\/orcid.org\/0000-0002-3085-4029&#8243; link_option_url_new_window=&#8221;on&#8221;][\/et_pb_team_member][\/et_pb_column][et_pb_column type=&#8221;1_4&#8243; _builder_version=&#8221;4.9.0&#8243; _module_preset=&#8221;default&#8221;][et_pb_team_member name=&#8221;Dr. Carlos Renzo Rivera&#8221; position=&#8221;Universidad Cat\u00f3lica San Pablo, Per\u00fa&#8221; image_url=&#8221;https:\/\/38cip.sipsych.org\/wp-content\/uploads\/2021\/03\/Carlos-Renzo-Rivera-150&#215;150.png&#8221; admin_label=&#8221;Carlos Renzo&#8221; _builder_version=&#8221;4.9.0&#8243; _module_preset=&#8221;default&#8221; text_orientation=&#8221;center&#8221; animation_style=&#8221;zoom&#8221; link_option_url=&#8221;https:\/\/orcid.org\/0000-0002-5897-9931&#8243; link_option_url_new_window=&#8221;on&#8221;][\/et_pb_team_member][\/et_pb_column][\/et_pb_row][et_pb_row column_structure=&#8221;1_4,1_4,1_4,1_4&#8243; _builder_version=&#8221;4.9.0&#8243; _module_preset=&#8221;default&#8221;][et_pb_column type=&#8221;1_4&#8243; _builder_version=&#8221;4.9.0&#8243; _module_preset=&#8221;default&#8221;][et_pb_team_member name=&#8221;Dr. Emilio Ribes I\u00f1esta&#8221; position=&#8221;Universidad Veracruzana, M\u00e9xico&#8221; image_url=&#8221;https:\/\/38cip.sipsych.org\/wp-content\/uploads\/2021\/03\/Emilio-Ribes-In\u0303esta-150&#215;150.png&#8221; admin_label=&#8221;Emilio Ribes&#8221; _builder_version=&#8221;4.9.0&#8243; _module_preset=&#8221;default&#8221; text_orientation=&#8221;center&#8221; animation_style=&#8221;zoom&#8221; link_option_url_new_window=&#8221;on&#8221;]<\/p>\n<p>Premio Interamericano de Psicolog\u00eda 1987<\/p>\n<p>[\/et_pb_team_member][\/et_pb_column][et_pb_column type=&#8221;1_4&#8243; _builder_version=&#8221;4.9.0&#8243; _module_preset=&#8221;default&#8221;][et_pb_team_member name=&#8221;Dr. Felipe Garcia&#8221; position=&#8221;Universidad de Concepci\u00f3n, Chile&#8221; image_url=&#8221;https:\/\/38cip.sipsych.org\/wp-content\/uploads\/2021\/04\/Felipe-Garcia-150&#215;150.jpg&#8221; admin_label=&#8221;Felipe Garcia&#8221; _builder_version=&#8221;4.9.0&#8243; _module_preset=&#8221;default&#8221; position_text_align=&#8221;center&#8221; text_orientation=&#8221;center&#8221; animation_style=&#8221;zoom&#8221; link_option_url=&#8221;Universidad de Concepci\u00f3n, Chile&#8221; link_option_url_new_window=&#8221;on&#8221;][\/et_pb_team_member][\/et_pb_column][et_pb_column type=&#8221;1_4&#8243; _builder_version=&#8221;4.9.0&#8243; _module_preset=&#8221;default&#8221;][et_pb_team_member name=&#8221;Dra. Irma Serrano Garcia&#8221; position=&#8221;Profesora Jubilada, Universidad de Puerto Rico&#8221; image_url=&#8221;https:\/\/38cip.sipsych.org\/wp-content\/uploads\/2021\/03\/Irma-Serrano-Garcia-150&#215;150.png&#8221; admin_label=&#8221;Irma Serrano&#8221; _builder_version=&#8221;4.9.0&#8243; _module_preset=&#8221;default&#8221; text_orientation=&#8221;center&#8221; animation_style=&#8221;zoom&#8221; link_option_url=&#8221;https:\/\/www.researchgate.net\/profile\/Irma-Serrano-Garcia&#8221; link_option_url_new_window=&#8221;on&#8221;][\/et_pb_team_member][\/et_pb_column][et_pb_column type=&#8221;1_4&#8243; _builder_version=&#8221;4.9.0&#8243; _module_preset=&#8221;default&#8221;][et_pb_team_member name=&#8221;Dr. Jorge Grau Avalos &#8221; position=&#8221;Universidad de Ciencias M\u00e9dicas de la Habana, Cuba&#8221; image_url=&#8221;https:\/\/38cip.sipsych.org\/wp-content\/uploads\/2021\/03\/Jorge-Grau-Avalos-150&#215;150.png&#8221; admin_label=&#8221;Jorge Grau&#8221; _builder_version=&#8221;4.9.0&#8243; _module_preset=&#8221;default&#8221; position_text_align=&#8221;center&#8221; text_orientation=&#8221;center&#8221; animation_style=&#8221;zoom&#8221; link_option_url=&#8221;https:\/\/orcid.org\/0000-0001-5984-7095&#8243; link_option_url_new_window=&#8221;on&#8221;]<\/p>\n<p>Premio Interamericano de Psicolog\u00eda 2019<\/p>\n<p>[\/et_pb_team_member][\/et_pb_column][\/et_pb_row][et_pb_row column_structure=&#8221;1_4,1_4,1_4,1_4&#8243; _builder_version=&#8221;4.9.0&#8243; _module_preset=&#8221;default&#8221;][et_pb_column type=&#8221;1_4&#8243; _builder_version=&#8221;4.9.0&#8243; _module_preset=&#8221;default&#8221;][et_pb_team_member name=&#8221;Dra. Jorgelina Di Lorio&#8221; position=&#8221;Universidad de Buenos Aires,  Argentina&#8221; image_url=&#8221;https:\/\/38cip.sipsych.org\/wp-content\/uploads\/2021\/03\/Jorgelina-Di-Lorio-150&#215;150.png&#8221; admin_label=&#8221;Jorgelina Di Lorio&#8221; _builder_version=&#8221;4.9.0&#8243; _module_preset=&#8221;default&#8221; text_orientation=&#8221;center&#8221; animation_style=&#8221;zoom&#8221; link_option_url=&#8221;https:\/\/orcid.org\/0000-0002-7519-5100&#8243; link_option_url_new_window=&#8221;on&#8221;][\/et_pb_team_member][\/et_pb_column][et_pb_column type=&#8221;1_4&#8243; _builder_version=&#8221;4.9.0&#8243; _module_preset=&#8221;default&#8221;][et_pb_team_member name=&#8221;Dr. Jos\u00e9 Mar\u00eda Peir\u00f3&#8221; position=&#8221;Universidad de Valencia, Espa\u00f1a&#8221; image_url=&#8221;https:\/\/38cip.sipsych.org\/wp-content\/uploads\/2021\/05\/Jose-Maria-Peiro-150&#215;150.jpg&#8221; admin_label=&#8221;Jos\u00e9 Mar\u00eda Peir\u00f3&#8221; _builder_version=&#8221;4.9.0&#8243; _module_preset=&#8221;default&#8221; text_orientation=&#8221;center&#8221; animation_style=&#8221;zoom&#8221; link_option_url_new_window=&#8221;on&#8221;][\/et_pb_team_member][\/et_pb_column][et_pb_column type=&#8221;1_4&#8243; _builder_version=&#8221;4.9.0&#8243; _module_preset=&#8221;default&#8221;][et_pb_team_member name=&#8221;Dr. Justo Fabelo Roche&#8221; position=&#8221;Universidad de Ciencias M\u00e9dicas de la Habana, Cuba&#8221; image_url=&#8221;https:\/\/38cip.sipsych.org\/wp-content\/uploads\/2021\/03\/Justo-Fabelo-Roche-150&#215;150.jpeg&#8221; admin_label=&#8221;Justo Fabelo&#8221; _builder_version=&#8221;4.9.0&#8243; _module_preset=&#8221;default&#8221; text_orientation=&#8221;center&#8221; animation_style=&#8221;zoom&#8221; link_option_url=&#8221;https:\/\/scholar.google.es\/citations?user=aK0IBcUAAAAJ&#038;hl=es&#8221; link_option_url_new_window=&#8221;on&#8221;][\/et_pb_team_member][\/et_pb_column][et_pb_column type=&#8221;1_4&#8243; _builder_version=&#8221;4.9.0&#8243; _module_preset=&#8221;default&#8221;][et_pb_team_member name=&#8221;M.Sc. Carolina&#8221; position=&#8221;GT Psicolog\u00eda Clinica&#8221; image_url=&#8221;https:\/\/38cip.sipsych.org\/wp-content\/uploads\/2021\/04\/Sc-Carolina-150&#215;150.png&#8221; admin_label=&#8221;M.Sc Carolina&#8221; _builder_version=&#8221;4.9.0&#8243; _module_preset=&#8221;default&#8221; text_orientation=&#8221;center&#8221; animation_style=&#8221;zoom&#8221; link_option_url=&#8221;https:\/\/orcid.org\/0000-0002-8157-2056&#8243; link_option_url_new_window=&#8221;on&#8221;][\/et_pb_team_member][\/et_pb_column][\/et_pb_row][et_pb_row column_structure=&#8221;1_4,1_4,1_4,1_4&#8243; _builder_version=&#8221;4.9.0&#8243; _module_preset=&#8221;default&#8221;][et_pb_column type=&#8221;1_4&#8243; _builder_version=&#8221;4.9.0&#8243; _module_preset=&#8221;default&#8221;][et_pb_team_member name=&#8221;Dr. Mario Colli Alonso &#8221; position=&#8221;Universidad del Valle, Guatemala&#8221; image_url=&#8221;https:\/\/38cip.sipsych.org\/wp-content\/uploads\/2021\/03\/Mario-Colli-Alonso-150&#215;150.png&#8221; admin_label=&#8221;Mario Colli &#8221; _builder_version=&#8221;4.9.0&#8243; _module_preset=&#8221;default&#8221; text_orientation=&#8221;center&#8221; animation_style=&#8221;zoom&#8221; link_option_url_new_window=&#8221;on&#8221;][\/et_pb_team_member][\/et_pb_column][et_pb_column type=&#8221;1_4&#8243; _builder_version=&#8221;4.9.0&#8243; _module_preset=&#8221;default&#8221;][et_pb_team_member name=&#8221;Dr. Mauricio Cervigni&#8221; position=&#8221;Universidad Nacional de Rosario, Argentina&#8221; image_url=&#8221;https:\/\/38cip.sipsych.org\/wp-content\/uploads\/2021\/04\/Mauricio-Cevigni-150&#215;150.png&#8221; admin_label=&#8221;Mauricio Cevigni&#8221; _builder_version=&#8221;4.9.0&#8243; _module_preset=&#8221;default&#8221; text_orientation=&#8221;center&#8221; animation_style=&#8221;zoom&#8221; link_option_url=&#8221;https:\/\/orcid.org\/0000-0002-9951-1737 &#8221; link_option_url_new_window=&#8221;on&#8221;][\/et_pb_team_member][\/et_pb_column][et_pb_column type=&#8221;1_4&#8243; _builder_version=&#8221;4.9.0&#8243; _module_preset=&#8221;default&#8221;][et_pb_team_member name=&#8221;Dra. Mirna Garc\u00eda M\u00e9ndez  &#8221; position=&#8221;Universidad Nacional Aut\u00f3noma de M\u00e9xico&#8221; image_url=&#8221;https:\/\/38cip.sipsych.org\/wp-content\/uploads\/2021\/03\/Mirna-Garci\u0301a-Me\u0301ndez-150&#215;150.png&#8221; admin_label=&#8221;Mirna Garc\u00eda &#8221; _builder_version=&#8221;4.9.0&#8243; _module_preset=&#8221;default&#8221; text_orientation=&#8221;center&#8221; animation_style=&#8221;zoom&#8221; link_option_url=&#8221;https:\/\/orcid.org\/0000-0002-2334-0740&#8243; link_option_url_new_window=&#8221;on&#8221;][\/et_pb_team_member][\/et_pb_column][et_pb_column type=&#8221;1_4&#8243; _builder_version=&#8221;4.9.0&#8243; _module_preset=&#8221;default&#8221;][et_pb_team_member name=&#8221;Dr. N\u00e9stor Carlos Litter&#8221; position=&#8221;Coordinador del GT de Jur\u00eddica&#8221; image_url=&#8221;https:\/\/38cip.sipsych.org\/wp-content\/uploads\/2021\/04\/Nestor-Litter-122&#215;150.png&#8221; admin_label=&#8221;Nestor Litter&#8221; _builder_version=&#8221;4.9.0&#8243; _module_preset=&#8221;default&#8221; position_text_align=&#8221;center&#8221; text_orientation=&#8221;center&#8221; animation_style=&#8221;zoom&#8221; link_option_url_new_window=&#8221;on&#8221;][\/et_pb_team_member][\/et_pb_column][\/et_pb_row][et_pb_row column_structure=&#8221;1_4,1_4,1_4,1_4&#8243; _builder_version=&#8221;4.9.0&#8243; _module_preset=&#8221;default&#8221;][et_pb_column type=&#8221;1_4&#8243; _builder_version=&#8221;4.9.0&#8243; _module_preset=&#8221;default&#8221;][et_pb_team_member name=&#8221;Dr. Pablo Eduardo Barrientos&#8221; position=&#8221;Universidad del Valle, Guatemala&#8221; image_url=&#8221;https:\/\/38cip.sipsych.org\/wp-content\/uploads\/2021\/03\/Pablo-Eduardo-Barrientos-150&#215;150.png&#8221; admin_label=&#8221;Pablo Eduardo&#8221; _builder_version=&#8221;4.9.0&#8243; _module_preset=&#8221;default&#8221; position_text_align=&#8221;center&#8221; text_orientation=&#8221;center&#8221; animation_style=&#8221;zoom&#8221; link_option_url=&#8221;https:\/\/orcid.org\/0000-0001-5984-7095&#8243; link_option_url_new_window=&#8221;on&#8221;][\/et_pb_team_member][\/et_pb_column][et_pb_column type=&#8221;1_4&#8243; _builder_version=&#8221;4.9.0&#8243; _module_preset=&#8221;default&#8221;][et_pb_team_member name=&#8221;Dra. Raquel Guill\u00e9n&#8221; position=&#8221;GT Psicolog\u00eda Cl\u00ednica&#8221; image_url=&#8221;https:\/\/38cip.sipsych.org\/wp-content\/uploads\/2021\/04\/Raquel-Guillen-150&#215;150.jpg&#8221; admin_label=&#8221;Raquel Guillen&#8221; _builder_version=&#8221;4.9.0&#8243; _module_preset=&#8221;default&#8221; position_text_align=&#8221;center&#8221; text_orientation=&#8221;center&#8221; animation_style=&#8221;zoom&#8221; link_option_url=&#8221;https:\/\/orcid.org\/0000-0002-8605-1081&#8243; link_option_url_new_window=&#8221;on&#8221;][\/et_pb_team_member][\/et_pb_column][et_pb_column type=&#8221;1_4&#8243; _builder_version=&#8221;4.9.0&#8243; _module_preset=&#8221;default&#8221;][et_pb_team_member name=&#8221;Dr. Rolando D\u00edaz Loving&#8221; position=&#8221;Universidad Nacional Aut\u00f3noma de M\u00e9xico&#8221; image_url=&#8221;https:\/\/38cip.sipsych.org\/wp-content\/uploads\/2021\/04\/Rolando-Di\u0301az-Loving-150&#215;150.png&#8221; admin_label=&#8221;Rolando Diaz&#8221; _builder_version=&#8221;4.9.0&#8243; _module_preset=&#8221;default&#8221; position_text_align=&#8221;center&#8221; text_orientation=&#8221;center&#8221; animation_style=&#8221;zoom&#8221; link_option_url=&#8221;http:\/\/orcid.org\/0000-0002-4865-480X&#8221; link_option_url_new_window=&#8221;on&#8221;][\/et_pb_team_member][\/et_pb_column][et_pb_column type=&#8221;1_4&#8243; _builder_version=&#8221;4.9.0&#8243; _module_preset=&#8221;default&#8221;][et_pb_team_member name=&#8221;Dra. Rozzana S\u00e1nchez Arag\u00f3n &#8221; position=&#8221;Universidad Nacional Aut\u00f3noma de M\u00e9xico&#8221; image_url=&#8221;https:\/\/38cip.sipsych.org\/wp-content\/uploads\/2021\/03\/Rozzana-Sa\u0301nchez-Arago\u0301n-150&#215;150.jpg&#8221; admin_label=&#8221;Rozzana S\u00e1nchez &#8221; _builder_version=&#8221;4.9.0&#8243; _module_preset=&#8221;default&#8221; position_text_align=&#8221;center&#8221; text_orientation=&#8221;center&#8221; animation_style=&#8221;zoom&#8221; link_option_url=&#8221;https:\/\/orcid.org\/0000-0002-5952-8972&#8243; link_option_url_new_window=&#8221;on&#8221;][\/et_pb_team_member][\/et_pb_column][\/et_pb_row][et_pb_row column_structure=&#8221;1_4,1_4,1_4,1_4&#8243; _builder_version=&#8221;4.9.0&#8243; _module_preset=&#8221;default&#8221;][et_pb_column type=&#8221;1_4&#8243; _builder_version=&#8221;4.9.0&#8243; _module_preset=&#8221;default&#8221;][et_pb_team_member name=&#8221;Dr. Rub\u00e9n Ardila&#8221; position=&#8221;Colombia&#8221; image_url=&#8221;https:\/\/38cip.sipsych.org\/wp-content\/uploads\/2021\/03\/Ruben-Ardila-150&#215;150.png&#8221; admin_label=&#8221;Ruben Ardila&#8221; _builder_version=&#8221;4.9.0&#8243; _module_preset=&#8221;default&#8221; position_text_align=&#8221;center&#8221; text_orientation=&#8221;center&#8221; animation_style=&#8221;zoom&#8221; link_option_url=&#8221;https:\/\/scholar.google.com\/citations?user=3Vq5LhEAAAAJ&#038;hl=es&#8221; link_option_url_new_window=&#8221;on&#8221;][\/et_pb_team_member][\/et_pb_column][et_pb_column type=&#8221;1_4&#8243; _builder_version=&#8221;4.9.0&#8243; _module_preset=&#8221;default&#8221;][et_pb_team_member name=&#8221;Master Susana Grosso&#8221; position=&#8221;Comisi\u00f3n de Salud del Observatorio Nacional de Discapacidad, Argentina&#8221; image_url=&#8221;https:\/\/38cip.sipsych.org\/wp-content\/uploads\/2021\/03\/Susana-Grosso-150&#215;150.png&#8221; disabled_on=&#8221;off|off|off&#8221; admin_label=&#8221;Susana Grosso&#8221; _builder_version=&#8221;4.9.0&#8243; _module_preset=&#8221;default&#8221; text_orientation=&#8221;center&#8221; animation_style=&#8221;zoom&#8221; link_option_url_new_window=&#8221;on&#8221; hover_enabled=&#8221;0&#8243; locked=&#8221;off&#8221; sticky_enabled=&#8221;0&#8243;][\/et_pb_team_member][\/et_pb_column][et_pb_column type=&#8221;1_4&#8243; _builder_version=&#8221;4.9.0&#8243; _module_preset=&#8221;default&#8221;][et_pb_team_member name=&#8221;Dra. Wanda Rodr\u00edguez Arocho&#8221; position=&#8221;Profesora Jubilada, Universidad de Puerto Rico&#8221; image_url=&#8221;https:\/\/38cip.sipsych.org\/wp-content\/uploads\/2021\/03\/Wanda-Rodriguez-Arocho-150&#215;150.png&#8221; admin_label=&#8221;Wanda Rodriguez&#8221; _builder_version=&#8221;4.9.0&#8243; _module_preset=&#8221;default&#8221; position_text_align=&#8221;center&#8221; text_orientation=&#8221;center&#8221; animation_style=&#8221;zoom&#8221; link_option_url=&#8221;https:\/\/orcid.org\/0000-0002-4460-926X&#8221; link_option_url_new_window=&#8221;on&#8221;]<\/p>\n<p>Premio Interamericano de Psicolog\u00eda 2003<\/p>\n<p>[\/et_pb_team_member][\/et_pb_column][et_pb_column type=&#8221;1_4&#8243; _builder_version=&#8221;4.9.0&#8243; _module_preset=&#8221;default&#8221;][et_pb_team_member name=&#8221;Dr. Wilson L\u00f3pez L\u00f3pez&#8221; position=&#8221;Pontificia Universidad Javeriana de Bogot\u00e1, Colombia&#8221; image_url=&#8221;https:\/\/38cip.sipsych.org\/wp-content\/uploads\/2021\/03\/Wilson-Lo\u0301pez-Lo\u0301pez-150&#215;150.png&#8221; admin_label=&#8221;Wilson Lopez&#8221; _builder_version=&#8221;4.9.0&#8243; _module_preset=&#8221;default&#8221; position_text_align=&#8221;center&#8221; text_orientation=&#8221;center&#8221; animation_style=&#8221;zoom&#8221; link_option_url=&#8221;https:\/\/orcid.org\/0000-0002-2964-0402&#8243; link_option_url_new_window=&#8221;on&#8221;]<\/p>\n<p>Premio Interamericano de Psicolog\u00eda 2017<\/p>\n<p>[\/et_pb_team_member][\/et_pb_column][\/et_pb_row][et_pb_row _builder_version=&#8221;4.9.0&#8243; _module_preset=&#8221;default&#8221;][et_pb_column type=&#8221;4_4&#8243; _builder_version=&#8221;4.9.0&#8243; _module_preset=&#8221;default&#8221;][et_pb_divider _builder_version=&#8221;4.9.0&#8243; _module_preset=&#8221;default&#8221;][\/et_pb_divider][\/et_pb_column][\/et_pb_row][\/et_pb_section]<\/p>\n","protected":false},"excerpt":{"rendered":"<p>[et_pb_section fb_built=&#8221;1&#8243; _builder_version=&#8221;4.9.0&#8243; _module_preset=&#8221;default&#8221; custom_padding=&#8221;0px|||||&#8221;][et_pb_row _builder_version=&#8221;4.9.0&#8243; _module_preset=&#8221;default&#8221; module_alignment=&#8221;center&#8221;][et_pb_column type=&#8221;4_4&#8243; _builder_version=&#8221;4.9.0&#8243; _module_preset=&#8221;default&#8221;][et_pb_text _builder_version=&#8221;4.9.0&#8243; _module_preset=&#8221;default&#8221; custom_margin=&#8221;||10px|||&#8221;] Comit\u00e9 Cient\u00edfico [\/et_pb_text][\/et_pb_column][\/et_pb_row][et_pb_row column_structure=&#8221;1_4,1_4,1_4,1_4&#8243; _builder_version=&#8221;4.9.0&#8243; _module_preset=&#8221;default&#8221; custom_margin=&#8221;-31px|auto|-37px|auto||&#8221;][et_pb_column type=&#8221;1_4&#8243; _builder_version=&#8221;4.9.0&#8243; _module_preset=&#8221;default&#8221;][et_pb_team_member name=&#8221;Esp. Andrea Espinosa&#8221; position=&#8221;Universidad Nacional de Rosario, Argentina&#8221; image_url=&#8221;https:\/\/38cip.sipsych.org\/wp-content\/uploads\/2021\/04\/Andrea-Espinoza-150&#215;150.png&#8221; admin_label=&#8221;Andres Espinoza&#8221; _builder_version=&#8221;4.9.0&#8243; _module_preset=&#8221;default&#8221; text_orientation=&#8221;center&#8221; animation_style=&#8221;zoom&#8221; link_option_url=&#8221;https:\/\/www.researchgate.net\/profile\/Susana-Grosso&#8221; link_option_url_new_window=&#8221;on&#8221;] GT de Psicolog\u00eda y Educaci\u00f3n [\/et_pb_team_member][\/et_pb_column][et_pb_column type=&#8221;1_4&#8243; _builder_version=&#8221;4.9.0&#8243; _module_preset=&#8221;default&#8221;][et_pb_team_member<\/p>\n<div class=\"re-read-more\"><a class=\"read-more\" href=\"https:\/\/38cip.sipsych.org\/index.php\/comites\/comite-cientifico\/\">Read More&#8230;<\/a><\/div>\n","protected":false},"author":1,"featured_media":0,"parent":41,"menu_order":0,"comment_status":"closed","ping_status":"closed","template":"","meta":{"_et_pb_use_builder":"on","_et_pb_old_content":"","_et_gb_content_width":"","footnotes":""},"class_list":["post-576","page","type-page","status-publish","hentry"],"_links":{"self":[{"href":"https:\/\/38cip.sipsych.org\/index.php\/wp-json\/wp\/v2\/pages\/576","targetHints":{"allow":["GET"]}}],"collection":[{"href":"https:\/\/38cip.sipsych.org\/index.php\/wp-json\/wp\/v2\/pages"}],"about":[{"href":"https:\/\/38cip.sipsych.org\/index.php\/wp-json\/wp\/v2\/types\/page"}],"author":[{"embeddable":true,"href":"https:\/\/38cip.sipsych.org\/index.php\/wp-json\/wp\/v2\/users\/1"}],"replies":[{"embeddable":true,"href":"https:\/\/38cip.sipsych.org\/index.php\/wp-json\/wp\/v2\/comments?post=576"}],"version-history":[{"count":19,"href":"https:\/\/38cip.sipsych.org\/index.php\/wp-json\/wp\/v2\/pages\/576\/revisions"}],"predecessor-version":[{"id":984,"href":"https:\/\/38cip.sipsych.org\/index.php\/wp-json\/wp\/v2\/pages\/576\/revisions\/984"}],"up":[{"embeddable":true,"href":"https:\/\/38cip.sipsych.org\/index.php\/wp-json\/wp\/v2\/pages\/41"}],"wp:attachment":[{"href":"https:\/\/38cip.sipsych.org\/index.php\/wp-json\/wp\/v2\/media?parent=576"}],"curies":[{"name":"wp","href":"https:\/\/api.w.org\/{rel}","templated":true}]}}