{"id":943,"date":"2021-05-12T09:19:41","date_gmt":"2021-05-12T13:19:41","guid":{"rendered":"https:\/\/38cip.sipsych.org\/?page_id=943"},"modified":"2021-06-09T20:20:16","modified_gmt":"2021-06-10T00:20:16","slug":"instrucciones-a-presentadores","status":"publish","type":"page","link":"https:\/\/38cip.sipsych.org\/index.php\/instrucciones-a-presentadores\/","title":{"rendered":"Instrucciones a Presentadores"},"content":{"rendered":"<p>[et_pb_section fb_built=&#8221;1&#8243; _builder_version=&#8221;3.22&#8243; custom_padding=&#8221;3px|0px|7px|0px||&#8221;][et_pb_row _builder_version=&#8221;4.9.0&#8243; _module_preset=&#8221;default&#8221; custom_padding=&#8221;0px|||||&#8221;][et_pb_column type=&#8221;4_4&#8243; _builder_version=&#8221;4.9.0&#8243; _module_preset=&#8221;default&#8221;][et_pb_text admin_label=&#8221;15 DE JUNIO&#8221; _builder_version=&#8221;4.9.0&#8243; _module_preset=&#8221;default&#8221; hover_enabled=&#8221;0&#8243; sticky_enabled=&#8221;0&#8243;]<\/p>\n<h4 style=\"text-align: center;\"><span style=\"color: #003366;\">Si su trabajo fue <em>ACEPTADO<\/em> para presentar, ya sea en modalidad en vivo el d\u00eda del evento o en formato de video, previamente grabado, deber\u00e1 <a style=\"color: #003366;\" href=\"https:\/\/38cip.sipsych.org\/index.php\/inscripcion\/\">inscribirse<\/a> en o antes del<\/span><\/h4>\n<h4 style=\"text-align: center;\"><span style=\"color: #003366;\"><em>15 DE JUNIO DE 2021 <\/em><\/span><\/h4>\n<h4 style=\"text-align: center;\"><span style=\"color: #003366;\">para que su presentaci\u00f3n sea incluida en el Programa Cient\u00edfico del evento.<\/span><\/h4>\n<p>[\/et_pb_text][et_pb_divider _builder_version=&#8221;4.9.0&#8243; _module_preset=&#8221;default&#8221;][\/et_pb_divider][et_pb_text _builder_version=&#8221;4.9.0&#8243; _module_preset=&#8221;default&#8221;]<\/p>\n<h3 style=\"text-align: center;\">Sesiones Pre-Grabadas<\/h3>\n<p>[\/et_pb_text][et_pb_text _builder_version=&#8221;4.9.0&#8243; _module_preset=&#8221;default&#8221; text_font=&#8221;Arial||||||||&#8221; text_font_size=&#8221;16px&#8221;]<\/p>\n<p style=\"text-align: center;\">Gu\u00edas para enviar los videos para las modalidades pre-grabadas de trabajos libres, carteles, simposios y presentaci\u00f3n de libros<br \/>\n<span style=\"color: #ff0000;\"><strong>Fecha l\u00edmite para env\u00edo de grabaciones: 28 de junio de 2021<\/strong><\/span><\/p>\n<p>[\/et_pb_text][et_pb_text _builder_version=&#8221;4.9.0&#8243; _module_preset=&#8221;default&#8221;]<\/p>\n<h4 style=\"text-align: center;\">Presiona sobre la modalidad en la cual estar\u00e1 presentando para seguir las instrucciones<\/h4>\n<p>[\/et_pb_text][et_pb_tabs _builder_version=&#8221;4.9.0&#8243; _module_preset=&#8221;default&#8221;][et_pb_tab title=&#8221;Trabajos Libres&#8221; _builder_version=&#8221;4.9.0&#8243; _module_preset=&#8221;default&#8221; body_font=&#8221;Arial||||||||&#8221; body_font_size=&#8221;16px&#8221;]<\/p>\n<p><strong>INSTRUCCIONES PARA TRABAJOS LIBRES<\/strong><\/p>\n<ul>\n<li>Tiempo m\u00e1ximo 15 minutos<\/li>\n<li>Tiempo altamente recomendado:<strong> 9 a 12 minutos<\/strong>. Agradecemos logre este tiempo.<\/li>\n<li>Dimensiones del video: <strong>1920 x 1080<\/strong>. <strong>Es obligatorio que sea horizontal<\/strong>. Videos verticales no ser\u00e1n incorporados.<\/li>\n<li><strong>Subir el video<\/strong> a <a href=\"https:\/\/vimeo.com\/es\/\" target=\"_blank\" rel=\"noopener\">https:\/\/vimeo.com\/es\/<\/a> (altamente recomendado). 2a opci\u00f3n (menos recomendada) <a href=\"https:\/\/www.youtube.com\" target=\"_blank\" rel=\"noopener\">https:\/\/www.youtube.com<\/a>\n<ul>\n<li>En el caso de <strong>YouTube<\/strong> seleccionar la opci\u00f3n de privacidad <em>\u201cNo listado\u201d<\/em>. Esta opci\u00f3n permite que podamos acceder a su video pero no estar\u00e1 visible para el p\u00fablico que no conozca el enlace.<\/li>\n<li>En el caso de <strong>Vimeo<\/strong>, el archivo puede estar p\u00fablico para evitar tener que tener cuenta Plus o superiores. Usted podr\u00e1 subir videos sin tener cuentas profesionales.<\/li>\n<\/ul>\n<\/li>\n<li>Comparta con nosotros el enlace, una vez que tenga su video en Vimeo o YouTube\n<ul>\n<li><strong>COMPLETE EL FORMULARIO: <a href=\"https:\/\/forms.office.com\/r\/nxP7Lckg4F\">https:\/\/forms.office.com\/r\/nxP7Lckg4F<\/a><\/strong><\/li>\n<\/ul>\n<\/li>\n<\/ul>\n<p><strong>RECOMENDACIONES<\/strong><\/p>\n<ol>\n<li>Grabe en forma HORIZONTAL. Si utilizar\u00e1 su tel\u00e9fono m\u00f3vil, ubique \u00e9ste de forma horizontal para capturar toda la pantalla. Si graba desde la computadora, por defecto, el formato es horizontal, pero aseg\u00farese que graba correctamente. Recuerde: videos verticales ser\u00e1n rechazados sin aviso.<\/li>\n<li>Aconsejamos incluir una portada con el t\u00edtulo del trabajo y datos del autor o autores e informaci\u00f3n de contacto (correo electr\u00f3nico)<\/li>\n<li>Puede integrar diapositivas o videos dentro de su grabaci\u00f3n que apoyen el contenido de su trabajo.<\/li>\n<li>Aconsejamos que cada video sea grabado por una sola persona en el caso de trabajos con m\u00e1s de un autor o autora. Gr\u00e1bese usted presentando su trabajo.<\/li>\n<li>Aseg\u00farese de tener suficiente luz y que el audio funcione correctamente.<\/li>\n<\/ol>\n<p>[\/et_pb_tab][et_pb_tab title=&#8221;Carteles&#8221; _builder_version=&#8221;4.9.0&#8243; _module_preset=&#8221;default&#8221; body_font=&#8221;Arial||||||||&#8221; body_font_size=&#8221;16px&#8221;]<\/p>\n<p><strong>INSTRUCCIONES PARA CARTELES<\/strong><\/p>\n<ul>\n<li>Tiempo m\u00e1ximo<strong> 2 minutos<\/strong><\/li>\n<li>Dimensiones del video: <strong>1920 x 1080<\/strong>. Es obligatorio que sea horizontal. Videos verticales no ser\u00e1n incorporados.<\/li>\n<li>Subir el video a<a href=\"https:\/\/vimeo.com\/es\/\" target=\"_blank\" rel=\"noopener\"> https:\/\/vimeo.com\/es\/<\/a> (altamente recomendado). 2a opci\u00f3n (menos recomendada) <a href=\"https:\/\/www.youtube.com\" target=\"_blank\" rel=\"noopener\">https:\/\/www.youtube.com<\/a>\n<ul>\n<li>En el caso de <strong>YouTube<\/strong> seleccionar la opci\u00f3n de privacidad \u201c<em>No listado<\/em>\u201d. Esta opci\u00f3n permite que podamos acceder a su video pero no estar\u00e1 visible para el p\u00fablico que no conozca el enlace.<\/li>\n<li>En el caso de <strong>Vimeo<\/strong>, el archivo puede estar p\u00fablico para evitar tener que tener cuenta Plus o superiores. Usted podr\u00e1 subir videos sin tener cuentas profesionales.<\/li>\n<\/ul>\n<\/li>\n<li>Comparta con nosotros el enlace, una vez que tenga su video en Vimeo o YouTube\n<ul>\n<li><strong>COMPLETE EL FORMULARIO: <\/strong><a href=\"https:\/\/forms.office.com\/r\/nxP7Lckg4F\"><strong>https:\/\/forms.office.com\/r\/nxP7Lckg4F<\/strong><\/a><\/li>\n<\/ul>\n<\/li>\n<\/ul>\n<p><strong>RECOMENDACIONES<\/strong><\/p>\n<ol>\n<li>Grabe en forma HORIZONTAL. Si utilizar\u00e1 su tel\u00e9fono m\u00f3vil, ubique \u00e9ste de forma horizontal para capturar toda la pantalla. Si graba desde la computadora, por defecto, el formato es horizontal, pero aseg\u00farese que graba correctamente. Recuerde: videos verticales ser\u00e1n rechazados sin aviso.<\/li>\n<li>Aconsejamos incluir una portada con el t\u00edtulo del trabajo y datos del autor o autores e informaci\u00f3n de contacto (correo electr\u00f3nico).<\/li>\n<li>Puede integrar diapositivas o videos dentro de su grabaci\u00f3n que apoyen el contenido de su trabajo. Si la informaci\u00f3n lo permite puede ser una sola diapositiva (tipo cartel cient\u00edfico) en donde usted destaque visualmente lo m\u00e1s importante.<\/li>\n<li>Aconsejamos que cada video sea grabado por una sola persona en el caso de trabajos con m\u00e1s de un autor o autora. Gr\u00e1bese usted presentando su trabajo.<\/li>\n<li>Aseg\u00farese de tener suficiente luz y que el audio funcione correctamente.<\/li>\n<\/ol>\n<p>[\/et_pb_tab][et_pb_tab title=&#8221;Simposios&#8221; _builder_version=&#8221;4.9.0&#8243; _module_preset=&#8221;default&#8221; body_font=&#8221;Arial||||||||&#8221; body_font_size=&#8221;16px&#8221;]<\/p>\n<p><strong>INSTRUCCIONES PARA SIMPOSIOS<br \/><\/strong><\/p>\n<ul>\n<li>Tiempo m\u00e1ximo 13 minutos por trabajo<\/li>\n<li>Tiempo altamente recomendado: <strong>9 a 12 minutos por trabajo.<\/strong> Agradecemos logre este tiempo. En aquellos simposios que tienen m\u00e1s de cuatro trabajos, deber\u00e1n <strong>repartir 55 minutos <\/strong>entre todos ellos, m\u00e1s cinco para que moderador\/a presente, abra y cierre.<\/li>\n<li>Dimensiones del video: <strong>1920 x 1080<\/strong>. Es obligatorio que sea <strong>horizontal<\/strong>.<\/li>\n<li>Es<strong> una sola grabaci\u00f3n<\/strong>: Se graba completamente todo el simposio incluyendo la presentaci\u00f3n de quien coordina el simposio.<\/li>\n<li><strong>\u00bfQui\u00e9n graba?<\/strong> Los y las voluntarias del Congreso pueden acordar una sesi\u00f3n de grabaci\u00f3n con la totalidad de panelistas (opci\u00f3n recomendada). Si esta opci\u00f3n es la elegida, ponerse en contacto con Ana Mar\u00eda Florez [<a href=\"mailto:anaflorez@ulatina.edu.pa\">anaflorez@ulatina.edu.pa<\/a>], coordinadora del Comit\u00e9 de voluntariado. Recuerde que la fecha l\u00edmite para recibir grabaciones es el 28 de junio, as\u00ed que p\u00f3nganse en contacto cuanto antes.<\/li>\n<li>Subir el video (S\u00f3lo en el caso que no opte por la opci\u00f3n que recomendamos: acordar la grabaci\u00f3n con el voluntariado): H\u00e1galo en<a href=\"https:\/\/vimeo.com\/es\/\" target=\"_blank\" rel=\"noopener\"> https:\/\/vimeo.com\/es\/<\/a> (preferible). 2a opci\u00f3n <a href=\"https:\/\/ www.youtube.com\" target=\"_blank\" rel=\"noopener\" data-wplink-url-error=\"true\">https:\/\/www.youtube.com<\/a> (menos preferible)\n<ul>\n<li>En el caso de <strong>YouTube<\/strong> seleccionar la opci\u00f3n de privacidad \u201cNo listado\u201d. Esta opci\u00f3n permite que podamos acceder a su video pero no estar\u00e1 visible para el p\u00fablico que no conozca el enlace.<\/li>\n<li>En el caso de <strong>Vimeo<\/strong>, el archivo puede estar p\u00fablico para evitar tener que tener cuenta Plus o superiores. Usted podr\u00e1 subir videos sin tener cuentas profesionales.<\/li>\n<\/ul>\n<\/li>\n<li>Comparta con nosotros el enlace, una vez que tenga su video en Vimeo o YouTube\n<ul>\n<li><strong>COMPLETE EL FORMULARIO: <a href=\"https:\/\/forms.office.com\/r\/nxP7Lckg4F\">https:\/\/forms.office.com\/r\/nxP7Lckg4F<\/a><\/strong><\/li>\n<\/ul>\n<\/li>\n<\/ul>\n<p><strong>RECOMENDACIOENS<\/strong><\/p>\n<ol>\n<li>Pueden integrar diapositivas o videos dentro de su grabaci\u00f3n que apoyen el contenido de su trabajo. Aconsejamos que cada video sea grabado por una sola persona en el caso de trabajos con m\u00e1s de un autor o autora.<\/li>\n<li>Si usted se grabar\u00e1, aseg\u00farese de hacerlo en forma HORIZONTAL. Si utilizar\u00e1 su tel\u00e9fono m\u00f3vil, ubique \u00e9ste de forma horizontal para capturar toda la pantalla. Si graba desde la computadora, por defecto, el formato es horizontal, pero aseg\u00farese que graba correctamente. Recuerde: videos verticales ser\u00e1n rechazados sin aviso. Aseg\u00farese de tener suficiente luz y que el audio funcione correctamente.<\/li>\n<\/ol>\n<p>[\/et_pb_tab][et_pb_tab title=&#8221;Presentaci\u00f3n de Libro&#8221; _builder_version=&#8221;4.9.0&#8243; _module_preset=&#8221;default&#8221; body_font=&#8221;Arial||||||||&#8221; body_font_size=&#8221;16px&#8221;]<\/p>\n<p><strong>INSTRUCCIONES PARA PRESENTACI\u00d3N DE LIBRO<br \/><\/strong><\/p>\n<ul>\n<li>Tiempo m\u00e1ximo 15 minutos<\/li>\n<li>Tiempo altamente recomendado: <strong>9 a 12 minutos<\/strong>. Agradecemos logre este tiempo.<\/li>\n<li>Dimensiones del video:<strong> 1920 x 1080<\/strong>. Es obligatorio que sea horizontal. Videos verticales no ser\u00e1n incorporados.<\/li>\n<li>Subir el video a <a href=\"https:\/\/vimeo.com\/es\/\" target=\"_blank\" rel=\"noopener\">https:\/\/vimeo.com\/es\/<\/a> (altamente recomendado). 2a opci\u00f3n (menos recomendada)<a href=\"https:\/\/www.youtube.com\" target=\"_blank\" rel=\"noopener\"> https:\/\/www.youtube.com<\/a>\n<ul>\n<li>En el caso de<strong> YouTube<\/strong> seleccionar la opci\u00f3n de privacidad \u201cNo listado\u201d. Esta opci\u00f3n permite que podamos acceder a su video pero no estar\u00e1 visible para el p\u00fablico que no conozca el enlace.<\/li>\n<li>En el caso de <strong>Vimeo<\/strong>, el archivo puede estar p\u00fablico para evitar tener que tener cuenta Plus o superiores. Usted podr\u00e1 subir videos sin tener cuentas profesionales.<\/li>\n<\/ul>\n<\/li>\n<li>Comparta con nosotros el enlace, una vez que tenga su video en Vimeo o YouTube\n<ul>\n<li><strong>COMPLETE EL FORMULARIO: <a href=\"https:\/\/forms.office.com\/r\/nxP7Lckg4F\">https:\/\/forms.office.com\/r\/nxP7Lckg4F<\/a><\/strong><\/li>\n<\/ul>\n<\/li>\n<\/ul>\n<p>&nbsp;<\/p>\n<p><strong>RECOMENDACIONES<\/strong><\/p>\n<ol>\n<li>Grabe en forma HORIZONTAL. Si utilizar\u00e1 su tel\u00e9fono m\u00f3vil, ubique \u00e9ste de forma horizontal para capturar toda la pantalla. Si graba desde la computadora, por defecto, el formato es horizontal, pero aseg\u00farese que graba correctamente. Recuerde: videos verticales ser\u00e1n rechazados sin aviso.<\/li>\n<li>Aconsejamos incluir la mayor parte del tiempo posible la imagen de la portada del libro a presentar y datos del autor o autores e informaci\u00f3n de contacto (correo electr\u00f3nico). Puede integrar diapositivas o videos dentro de su grabaci\u00f3n que apoyen el contenido de su trabajo.<\/li>\n<li>Aconsejamos que cada video sea grabado por una sola persona en el caso de trabajos con m\u00e1s de un autor o autora. Gr\u00e1bese usted presentando su trabajo.<\/li>\n<li>Aseg\u00farese de tener suficiente luz y que el audio funcione correctamente.<\/li>\n<\/ol>\n<p>[\/et_pb_tab][\/et_pb_tabs][et_pb_text _builder_version=&#8221;4.9.0&#8243; _module_preset=&#8221;default&#8221;]<\/p>\n<h3 style=\"text-align: center;\"><a href=\"https:\/\/38cip.sipsych.org\/wp-content\/uploads\/2021\/06\/guias-2021.pdf\" target=\"_blank\" rel=\"noopener\">DESCARGUE LAS GU\u00cdAS EN PDF<\/a><\/h3>\n<p>[\/et_pb_text][\/et_pb_column][\/et_pb_row][\/et_pb_section][et_pb_section fb_built=&#8221;1&#8243; admin_label=&#8221;Contact&#8221; _builder_version=&#8221;3.22&#8243; background_color=&#8221;#313476&#8243; custom_padding=&#8221;0px|0px|0px|0px&#8221; animation_style=&#8221;slide&#8221; animation_direction=&#8221;bottom&#8221; animation_intensity_slide=&#8221;20%&#8221; animation_starting_opacity=&#8221;100%&#8221; box_shadow_style=&#8221;preset7&#8243; box_shadow_horizontal=&#8221;0px&#8221; box_shadow_vertical=&#8221;80px&#8221; box_shadow_spread=&#8221;-14px&#8221; box_shadow_color=&#8221;#ffffff&#8221;][et_pb_row column_structure=&#8221;1_2,1_2&#8243; use_custom_gutter=&#8221;on&#8221; gutter_width=&#8221;1&#8243; make_equal=&#8221;on&#8221; admin_label=&#8221;Contact Row&#8221; module_class=&#8221; et_pb_row_fullwidth&#8221; _builder_version=&#8221;3.25&#8243; width=&#8221;100%&#8221; width_tablet=&#8221;100%&#8221; width_phone=&#8221;&#8221; width_last_edited=&#8221;on|desktop&#8221; max_width=&#8221;100%&#8221; max_width_tablet=&#8221;100%&#8221; max_width_phone=&#8221;&#8221; max_width_last_edited=&#8221;on|desktop&#8221; custom_padding=&#8221;0px||0px|&#8221; make_fullwidth=&#8221;on&#8221;][et_pb_column type=&#8221;1_2&#8243; _builder_version=&#8221;3.25&#8243; custom_padding=&#8221;110px|8%|70px|12%&#8221; custom_padding__hover=&#8221;|||&#8221;][et_pb_text admin_label=&#8221;Title&#8221; _builder_version=&#8221;4.9.0&#8243; text_font=&#8221;||||||||&#8221; header_font=&#8221;||||||||&#8221; header_2_font=&#8221;Montserrat|700|||||||&#8221; header_2_font_size=&#8221;40px&#8221; header_2_line_height=&#8221;1.3em&#8221; background_layout=&#8221;dark&#8221; module_alignment=&#8221;center&#8221; custom_margin=&#8221;20px|||&#8221; custom_padding=&#8221;|||&#8221; locked=&#8221;off&#8221;]<\/p>\n<h2>\u00a1Inscr\u00edbete!<\/h2>\n<p>[\/et_pb_text][et_pb_text _builder_version=&#8221;4.9.0&#8243; text_font=&#8221;||||||||&#8221; text_text_color=&#8221;rgba(255,255,255,0.7)&#8221; text_font_size=&#8221;18px&#8221; text_line_height=&#8221;1.8em&#8221; header_font=&#8221;||||||||&#8221; background_layout=&#8221;dark&#8221; custom_margin=&#8221;16px|||&#8221;]<\/p>\n<p>Conoce los costos de inscripci\u00f3n y completa el formulario electr\u00f3nico para efectuar el pago.<\/p>\n<p>[\/et_pb_text][et_pb_button button_url=&#8221;https:\/\/38cip.sipsych.org\/index.php\/inscripcion\/&#8221; button_text=&#8221;Detalles %91+%93&#8243; _builder_version=&#8221;4.9.0&#8243; custom_button=&#8221;on&#8221; button_text_size=&#8221;16px&#8221; button_bg_color=&#8221;#d34c4c&#8221; button_border_width=&#8221;8px&#8221; button_border_color=&#8221;#d34c4c&#8221; button_border_radius=&#8221;0px&#8221; button_font=&#8221;Merriweather|700|||||||&#8221; button_use_icon=&#8221;off&#8221; background_layout=&#8221;dark&#8221; custom_margin=&#8221;50px|||&#8221; custom_padding=&#8221;|||&#8221; custom_padding_last_edited=&#8221;off|desktop&#8221; button_text_size__hover_enabled=&#8221;off&#8221; button_one_text_size__hover_enabled=&#8221;off&#8221; button_two_text_size__hover_enabled=&#8221;off&#8221; button_text_color__hover_enabled=&#8221;off&#8221; button_one_text_color__hover_enabled=&#8221;off&#8221; button_two_text_color__hover_enabled=&#8221;off&#8221; button_border_width__hover_enabled=&#8221;off&#8221; button_one_border_width__hover_enabled=&#8221;off&#8221; button_two_border_width__hover_enabled=&#8221;off&#8221; button_border_color__hover_enabled=&#8221;off&#8221; button_one_border_color__hover_enabled=&#8221;off&#8221; button_two_border_color__hover_enabled=&#8221;off&#8221; button_border_radius__hover_enabled=&#8221;off&#8221; button_one_border_radius__hover_enabled=&#8221;off&#8221; button_two_border_radius__hover_enabled=&#8221;off&#8221; button_letter_spacing__hover_enabled=&#8221;off&#8221; button_one_letter_spacing__hover_enabled=&#8221;off&#8221; button_two_letter_spacing__hover_enabled=&#8221;off&#8221; button_bg_color__hover_enabled=&#8221;off&#8221; button_one_bg_color__hover_enabled=&#8221;off&#8221; button_two_bg_color__hover_enabled=&#8221;off&#8221;][\/et_pb_button][\/et_pb_column][et_pb_column type=&#8221;1_2&#8243; _builder_version=&#8221;3.25&#8243; background_color=&#8221;#2b2e6d&#8221; custom_padding=&#8221;|5%||5%&#8221; custom_padding__hover=&#8221;|||&#8221;][et_pb_contact_form captcha=&#8221;off&#8221; email=&#8221;comite.cientifico@sipsych.org&#8221; title=&#8221;Cont\u00e1ctenos&#8221; success_message=&#8221;Gracias por su mensaje&#8221; submit_button_text=&#8221;Enviar&#8221; module_id=&#8221;et_pb_contact_form_0&#8243; _builder_version=&#8221;4.9.0&#8243; form_field_background_color=&#8221;#2f3186&#8243; form_field_text_color=&#8221;rgba(255,255,255,0.7)&#8221; title_font=&#8221;Merriweather|700|||||||&#8221; title_text_color=&#8221;#ffffff&#8221; title_font_size=&#8221;32px&#8221; title_line_height=&#8221;2.8em&#8221; form_field_font=&#8221;|500||on|||||&#8221; form_field_font_size=&#8221;14px&#8221; custom_button=&#8221;on&#8221; button_text_size=&#8221;14px&#8221; button_text_color=&#8221;#ffffff&#8221; button_bg_color=&#8221;#4646c4&#8243; button_border_width=&#8221;8px&#8221; button_border_color=&#8221;#4646c4&#8243; button_border_radius=&#8221;0px&#8221; button_letter_spacing=&#8221;1px&#8221; button_font=&#8221;|700||on|||||&#8221; button_icon=&#8221;%%3%%&#8221; button_on_hover=&#8221;off&#8221; text_orientation=&#8221;left&#8221; max_width=&#8221;90%&#8221; max_width_tablet=&#8221;86%&#8221; max_width_phone=&#8221;84%&#8221; max_width_last_edited=&#8221;on|phone&#8221; module_alignment=&#8221;center&#8221; custom_margin=&#8221;50px||50px|&#8221; custom_padding=&#8221;|||&#8221; animation_direction=&#8221;right&#8221; form_background_color=&#8221;#2f3186&#8243; button_border_radius_hover=&#8221;0px&#8221; button_letter_spacing_hover=&#8221;1px&#8221;][et_pb_contact_field field_id=&#8221;Nombre&#8221; field_title=&#8221;Nombre&#8221; _builder_version=&#8221;4.9.0&#8243; form_field_font=&#8221;|500|||||||&#8221; button_text_size__hover_enabled=&#8221;off&#8221; button_one_text_size__hover_enabled=&#8221;off&#8221; button_two_text_size__hover_enabled=&#8221;off&#8221; button_text_color__hover_enabled=&#8221;off&#8221; button_one_text_color__hover_enabled=&#8221;off&#8221; button_two_text_color__hover_enabled=&#8221;off&#8221; button_border_width__hover_enabled=&#8221;off&#8221; button_one_border_width__hover_enabled=&#8221;off&#8221; button_two_border_width__hover_enabled=&#8221;off&#8221; button_border_color__hover_enabled=&#8221;off&#8221; button_one_border_color__hover_enabled=&#8221;off&#8221; button_two_border_color__hover_enabled=&#8221;off&#8221; button_border_radius__hover_enabled=&#8221;off&#8221; button_one_border_radius__hover_enabled=&#8221;off&#8221; button_two_border_radius__hover_enabled=&#8221;off&#8221; button_letter_spacing__hover_enabled=&#8221;off&#8221; button_one_letter_spacing__hover_enabled=&#8221;off&#8221; button_two_letter_spacing__hover_enabled=&#8221;off&#8221; button_bg_color__hover_enabled=&#8221;off&#8221; button_one_bg_color__hover_enabled=&#8221;off&#8221; button_two_bg_color__hover_enabled=&#8221;off&#8221;][\/et_pb_contact_field][et_pb_contact_field field_id=&#8221;Email&#8221; field_title=&#8221;Correo electr\u00f3nico&#8221; field_type=&#8221;email&#8221; _builder_version=&#8221;4.9.0&#8243; form_field_font=&#8221;|500|||||||&#8221; button_text_size__hover_enabled=&#8221;off&#8221; button_one_text_size__hover_enabled=&#8221;off&#8221; button_two_text_size__hover_enabled=&#8221;off&#8221; button_text_color__hover_enabled=&#8221;off&#8221; button_one_text_color__hover_enabled=&#8221;off&#8221; button_two_text_color__hover_enabled=&#8221;off&#8221; button_border_width__hover_enabled=&#8221;off&#8221; button_one_border_width__hover_enabled=&#8221;off&#8221; button_two_border_width__hover_enabled=&#8221;off&#8221; button_border_color__hover_enabled=&#8221;off&#8221; button_one_border_color__hover_enabled=&#8221;off&#8221; button_two_border_color__hover_enabled=&#8221;off&#8221; button_border_radius__hover_enabled=&#8221;off&#8221; button_one_border_radius__hover_enabled=&#8221;off&#8221; button_two_border_radius__hover_enabled=&#8221;off&#8221; button_letter_spacing__hover_enabled=&#8221;off&#8221; button_one_letter_spacing__hover_enabled=&#8221;off&#8221; button_two_letter_spacing__hover_enabled=&#8221;off&#8221; button_bg_color__hover_enabled=&#8221;off&#8221; button_one_bg_color__hover_enabled=&#8221;off&#8221; button_two_bg_color__hover_enabled=&#8221;off&#8221;][\/et_pb_contact_field][et_pb_contact_field field_id=&#8221;Mensaje&#8221; field_title=&#8221;Mensaje&#8221; field_type=&#8221;text&#8221; fullwidth_field=&#8221;on&#8221; _builder_version=&#8221;4.9.0&#8243; form_field_font=&#8221;|500|||||||&#8221; button_text_size__hover_enabled=&#8221;off&#8221; button_one_text_size__hover_enabled=&#8221;off&#8221; button_two_text_size__hover_enabled=&#8221;off&#8221; button_text_color__hover_enabled=&#8221;off&#8221; button_one_text_color__hover_enabled=&#8221;off&#8221; button_two_text_color__hover_enabled=&#8221;off&#8221; button_border_width__hover_enabled=&#8221;off&#8221; button_one_border_width__hover_enabled=&#8221;off&#8221; button_two_border_width__hover_enabled=&#8221;off&#8221; button_border_color__hover_enabled=&#8221;off&#8221; button_one_border_color__hover_enabled=&#8221;off&#8221; button_two_border_color__hover_enabled=&#8221;off&#8221; button_border_radius__hover_enabled=&#8221;off&#8221; button_one_border_radius__hover_enabled=&#8221;off&#8221; button_two_border_radius__hover_enabled=&#8221;off&#8221; button_letter_spacing__hover_enabled=&#8221;off&#8221; button_one_letter_spacing__hover_enabled=&#8221;off&#8221; button_two_letter_spacing__hover_enabled=&#8221;off&#8221; button_bg_color__hover_enabled=&#8221;off&#8221; button_one_bg_color__hover_enabled=&#8221;off&#8221; button_two_bg_color__hover_enabled=&#8221;off&#8221;][\/et_pb_contact_field][\/et_pb_contact_form][et_pb_text _builder_version=&#8221;4.9.0&#8243;][\/et_pb_text][\/et_pb_column][\/et_pb_row][\/et_pb_section]<\/p>\n","protected":false},"excerpt":{"rendered":"<p>[et_pb_section fb_built=&#8221;1&#8243; _builder_version=&#8221;3.22&#8243; custom_padding=&#8221;3px|0px|7px|0px||&#8221;][et_pb_row _builder_version=&#8221;4.9.0&#8243; _module_preset=&#8221;default&#8221; custom_padding=&#8221;0px|||||&#8221;][et_pb_column type=&#8221;4_4&#8243; _builder_version=&#8221;4.9.0&#8243; _module_preset=&#8221;default&#8221;][et_pb_text admin_label=&#8221;15 DE JUNIO&#8221; _builder_version=&#8221;4.9.0&#8243; _module_preset=&#8221;default&#8221; hover_enabled=&#8221;0&#8243; sticky_enabled=&#8221;0&#8243;] Si su trabajo fue ACEPTADO para presentar, ya sea en modalidad en vivo el d\u00eda del evento o en formato de video, previamente grabado, deber\u00e1 inscribirse en o antes del 15 DE JUNIO<\/p>\n<div class=\"re-read-more\"><a class=\"read-more\" href=\"https:\/\/38cip.sipsych.org\/index.php\/instrucciones-a-presentadores\/\">Read More&#8230;<\/a><\/div>\n","protected":false},"author":1,"featured_media":0,"parent":0,"menu_order":0,"comment_status":"closed","ping_status":"closed","template":"","meta":{"_et_pb_use_builder":"on","_et_pb_old_content":"","_et_gb_content_width":"","footnotes":""},"class_list":["post-943","page","type-page","status-publish","hentry"],"_links":{"self":[{"href":"https:\/\/38cip.sipsych.org\/index.php\/wp-json\/wp\/v2\/pages\/943","targetHints":{"allow":["GET"]}}],"collection":[{"href":"https:\/\/38cip.sipsych.org\/index.php\/wp-json\/wp\/v2\/pages"}],"about":[{"href":"https:\/\/38cip.sipsych.org\/index.php\/wp-json\/wp\/v2\/types\/page"}],"author":[{"embeddable":true,"href":"https:\/\/38cip.sipsych.org\/index.php\/wp-json\/wp\/v2\/users\/1"}],"replies":[{"embeddable":true,"href":"https:\/\/38cip.sipsych.org\/index.php\/wp-json\/wp\/v2\/comments?post=943"}],"version-history":[{"count":25,"href":"https:\/\/38cip.sipsych.org\/index.php\/wp-json\/wp\/v2\/pages\/943\/revisions"}],"predecessor-version":[{"id":1176,"href":"https:\/\/38cip.sipsych.org\/index.php\/wp-json\/wp\/v2\/pages\/943\/revisions\/1176"}],"wp:attachment":[{"href":"https:\/\/38cip.sipsych.org\/index.php\/wp-json\/wp\/v2\/media?parent=943"}],"curies":[{"name":"wp","href":"https:\/\/api.w.org\/{rel}","templated":true}]}}